{"id":2368,"date":"2015-01-13T12:33:35","date_gmt":"2015-01-13T11:33:35","guid":{"rendered":"http:\/\/resest.com\/?page_id=2368"},"modified":"2025-05-21T13:57:35","modified_gmt":"2025-05-21T11:57:35","slug":"servicios-residencia-estudiantil-en-barcelona-bellaterra","status":"publish","type":"page","link":"https:\/\/resest.com\/es\/servicios-residencia-estudiantil-en-barcelona-bellaterra\/","title":{"rendered":"Servicios de la Residencia de Estudiantes"},"content":{"rendered":"<div class=\"wpb-content-wrapper\">[vc_row][vc_column]<style>.vcex-heading.vcex_69f0c2aea5772{font-size:36px;text-transform:uppercase;}<\/style><h1 class=\"vcex-heading vcex-heading-plain vcex-module wpex-heading wpex-text-2xl wpex-mb-25 vcex_69f0c2aea5772\"><span class=\"vcex-heading-inner wpex-inline-block\">Servicios de la Residencia de Estudiantes<\/span><\/h1>[vc_column_text css=\u00bb\u00bb]En nuestra <strong>residencia de estudiantes en Sabadell<\/strong>, ofrecemos una amplia gama de servicios para garantizar una estancia c\u00f3moda y adaptada a tus necesidades. La tarifa incluye el acceso a todas las <strong>instalaciones comunes<\/strong> como la <strong>terraza-sol\u00e1rium, comedor, sala de estar y sala de estudio<\/strong>, as\u00ed como a los elementos de cada habitaci\u00f3n (<strong>televisi\u00f3n, nevera, caja de seguridad<\/strong>). Adem\u00e1s, contamos con <strong>limpieza semanal de habitaciones<\/strong> y <strong>conexi\u00f3n a internet en toda la residencia<\/strong>.<\/p>\n<h2><span class=\"TextRun Highlight MacChromeBold SCXW36454694 BCX0\" lang=\"ES-ES\" xml:lang=\"ES-ES\" data-contrast=\"none\"><span class=\"NormalTextRun SCXW36454694 BCX0\"><strong>Cocina y opciones de comida<\/strong> <\/span><\/span><\/h2>\n<p>Nuestros residentes pueden <strong>utilizar libremente la cocina<\/strong>, equipada con menaje y espacio de almacenamiento para alimentos personales. Tambi\u00e9n ofrecemos diferentes opciones de <strong>pensi\u00f3n alimenticia<\/strong>:<\/p>\n<ul>\n<li><strong>Media pensi\u00f3n (incluida en el precio)<\/strong>: desayuno y cena.<\/li>\n<li><strong>Pensi\u00f3n completa<\/strong>: desayuno, comida y cena.<\/li>\n<li><strong>Comida para llevar<\/strong>: si al mediod\u00eda no puedes comer en la residencia, te preparamos un tupper para llevar.<\/li>\n<\/ul>\n[\/vc_column_text][\/vc_column][\/vc_row][vc_row][vc_column width=\u00bb2\/3&#8243;]<div class=\"vcex-image-gallery-slider-css-wrap vc_custom_1722423746254\"><div class=\"wpex-slider-preloaderimg \"><img width=\"1200\" height=\"800\" src=\"https:\/\/resest.com\/wp-content\/uploads\/2024\/07\/ResiEstudiants-23.jpg\" class=\"skip-lazy\" alt=\"\" data-no-lazy=\"1\" srcset=\"https:\/\/resest.com\/wp-content\/uploads\/2024\/07\/ResiEstudiants-23.jpg 1200w, https:\/\/resest.com\/wp-content\/uploads\/2024\/07\/ResiEstudiants-23-300x200.jpg 300w, https:\/\/resest.com\/wp-content\/uploads\/2024\/07\/ResiEstudiants-23-1024x683.jpg 1024w, https:\/\/resest.com\/wp-content\/uploads\/2024\/07\/ResiEstudiants-23-768x512.jpg 768w\" sizes=\"(max-width: 1200px) 100vw, 1200px\" \/><\/div><div class=\"vcex-module wpex-slider slider-pro no-margin-thumbnails vcex-image-gallery-slider\" data-thumbnails=\"true\" data-thumbnail-height=\"auto\" data-auto-play-delay=\"5000\" data-animation-speed=\"600\" data-height-animation-duration=\"500\"><div class=\"wpex-slider-slides sp-slides\"><div class=\"wpex-slider-slide sp-slide\"><div class=\"wpex-slider-media\"><img width=\"1200\" height=\"800\" src=\"https:\/\/resest.com\/wp-content\/uploads\/2024\/07\/ResiEstudiants-23.jpg\" class=\"skip-lazy\" alt=\"\" data-no-lazy=\"1\" srcset=\"https:\/\/resest.com\/wp-content\/uploads\/2024\/07\/ResiEstudiants-23.jpg 1200w, https:\/\/resest.com\/wp-content\/uploads\/2024\/07\/ResiEstudiants-23-300x200.jpg 300w, https:\/\/resest.com\/wp-content\/uploads\/2024\/07\/ResiEstudiants-23-1024x683.jpg 1024w, https:\/\/resest.com\/wp-content\/uploads\/2024\/07\/ResiEstudiants-23-768x512.jpg 768w\" sizes=\"(max-width: 1200px) 100vw, 1200px\" \/><\/div><\/div><div class=\"wpex-slider-slide sp-slide\"><div class=\"wpex-slider-media\"><img width=\"1200\" height=\"800\" src=\"https:\/\/resest.com\/wp-content\/uploads\/2024\/07\/ResiEstudiants-22.jpg\" class=\"skip-lazy\" alt=\"\" data-no-lazy=\"1\" srcset=\"https:\/\/resest.com\/wp-content\/uploads\/2024\/07\/ResiEstudiants-22.jpg 1200w, https:\/\/resest.com\/wp-content\/uploads\/2024\/07\/ResiEstudiants-22-300x200.jpg 300w, https:\/\/resest.com\/wp-content\/uploads\/2024\/07\/ResiEstudiants-22-1024x683.jpg 1024w, https:\/\/resest.com\/wp-content\/uploads\/2024\/07\/ResiEstudiants-22-768x512.jpg 768w\" sizes=\"(max-width: 1200px) 100vw, 1200px\" \/><\/div><\/div><div class=\"wpex-slider-slide sp-slide\"><div class=\"wpex-slider-media\"><img width=\"1200\" height=\"800\" src=\"https:\/\/resest.com\/wp-content\/uploads\/2024\/07\/ResiEstudiants-19.jpg\" class=\"skip-lazy\" alt=\"\" data-no-lazy=\"1\" srcset=\"https:\/\/resest.com\/wp-content\/uploads\/2024\/07\/ResiEstudiants-19.jpg 1200w, https:\/\/resest.com\/wp-content\/uploads\/2024\/07\/ResiEstudiants-19-300x200.jpg 300w, https:\/\/resest.com\/wp-content\/uploads\/2024\/07\/ResiEstudiants-19-1024x683.jpg 1024w, https:\/\/resest.com\/wp-content\/uploads\/2024\/07\/ResiEstudiants-19-768x512.jpg 768w\" sizes=\"(max-width: 1200px) 100vw, 1200px\" \/><\/div><\/div><div class=\"wpex-slider-slide sp-slide\"><div class=\"wpex-slider-media\"><img width=\"1200\" height=\"800\" src=\"https:\/\/resest.com\/wp-content\/uploads\/2024\/07\/ResiEstudiants-27.jpg\" class=\"skip-lazy\" alt=\"\" data-no-lazy=\"1\" srcset=\"https:\/\/resest.com\/wp-content\/uploads\/2024\/07\/ResiEstudiants-27.jpg 1200w, https:\/\/resest.com\/wp-content\/uploads\/2024\/07\/ResiEstudiants-27-300x200.jpg 300w, https:\/\/resest.com\/wp-content\/uploads\/2024\/07\/ResiEstudiants-27-1024x683.jpg 1024w, https:\/\/resest.com\/wp-content\/uploads\/2024\/07\/ResiEstudiants-27-768x512.jpg 768w\" sizes=\"(max-width: 1200px) 100vw, 1200px\" \/><\/div><\/div><div class=\"wpex-slider-slide sp-slide\"><div class=\"wpex-slider-media\"><img width=\"1029\" height=\"1200\" src=\"https:\/\/resest.com\/wp-content\/uploads\/2024\/04\/Vending.jpg\" class=\"skip-lazy\" alt=\"\" data-no-lazy=\"1\" srcset=\"https:\/\/resest.com\/wp-content\/uploads\/2024\/04\/Vending.jpg 1029w, https:\/\/resest.com\/wp-content\/uploads\/2024\/04\/Vending-257x300.jpg 257w, https:\/\/resest.com\/wp-content\/uploads\/2024\/04\/Vending-878x1024.jpg 878w, https:\/\/resest.com\/wp-content\/uploads\/2024\/04\/Vending-768x896.jpg 768w\" sizes=\"(max-width: 1029px) 100vw, 1029px\" \/><\/div><\/div><\/div><div class=\"wpex-slider-thumbnails sp-nc-thumbnails wpex-grid wpex-grid-cols-5\"><img data-no-lazy=\"1\" class=\"wpex-slider-thumbnail wpex-block wpex-w-100 sp-nc-thumbnail skip-lazy\" src=\"https:\/\/resest.com\/wp-content\/uploads\/2024\/07\/ResiEstudiants-23-100x100.jpg\" alt=\"\" srcset=\"https:\/\/resest.com\/wp-content\/uploads\/2024\/07\/ResiEstudiants-23-100x100.jpg 100w, https:\/\/resest.com\/wp-content\/uploads\/2024\/07\/ResiEstudiants-23-150x150.jpg 150w\" width=\"100\" height=\"100\"><img data-no-lazy=\"1\" class=\"wpex-slider-thumbnail wpex-block wpex-w-100 sp-nc-thumbnail skip-lazy\" src=\"https:\/\/resest.com\/wp-content\/uploads\/2024\/07\/ResiEstudiants-22-100x100.jpg\" alt=\"\" srcset=\"https:\/\/resest.com\/wp-content\/uploads\/2024\/07\/ResiEstudiants-22-100x100.jpg 100w, https:\/\/resest.com\/wp-content\/uploads\/2024\/07\/ResiEstudiants-22-150x150.jpg 150w\" width=\"100\" height=\"100\"><img data-no-lazy=\"1\" class=\"wpex-slider-thumbnail wpex-block wpex-w-100 sp-nc-thumbnail skip-lazy\" src=\"https:\/\/resest.com\/wp-content\/uploads\/2024\/07\/ResiEstudiants-19-100x100.jpg\" alt=\"\" srcset=\"https:\/\/resest.com\/wp-content\/uploads\/2024\/07\/ResiEstudiants-19-100x100.jpg 100w, https:\/\/resest.com\/wp-content\/uploads\/2024\/07\/ResiEstudiants-19-150x150.jpg 150w\" width=\"100\" height=\"100\"><img data-no-lazy=\"1\" class=\"wpex-slider-thumbnail wpex-block wpex-w-100 sp-nc-thumbnail skip-lazy\" src=\"https:\/\/resest.com\/wp-content\/uploads\/2024\/07\/ResiEstudiants-27-100x100.jpg\" alt=\"\" srcset=\"https:\/\/resest.com\/wp-content\/uploads\/2024\/07\/ResiEstudiants-27-100x100.jpg 100w, https:\/\/resest.com\/wp-content\/uploads\/2024\/07\/ResiEstudiants-27-150x150.jpg 150w\" width=\"100\" height=\"100\"><img data-no-lazy=\"1\" class=\"wpex-slider-thumbnail wpex-block wpex-w-100 sp-nc-thumbnail skip-lazy\" src=\"https:\/\/resest.com\/wp-content\/uploads\/2024\/04\/Vending-100x100.jpg\" alt=\"\" srcset=\"https:\/\/resest.com\/wp-content\/uploads\/2024\/04\/Vending-100x100.jpg 100w, https:\/\/resest.com\/wp-content\/uploads\/2024\/04\/Vending-150x150.jpg 150w\" width=\"100\" height=\"100\"><\/div><\/div><\/div>[\/vc_column][vc_column width=\u00bb1\/3&#8243;][vc_column_text css=\u00bb\u00bb el_class=\u00bbnormal-text\u00bb]\n<h2><strong>Servicios incluidos en la tarifa<\/strong><\/h2>\n<ul>\n<li><strong>Uso de habitaciones y equipamiento<\/strong> (nevera, caja de seguridad, TV).<\/li>\n<li><strong>Limpieza semanal de la habitaci\u00f3n<\/strong> y <strong>limpieza diaria de zonas comunes<\/strong>.<\/li>\n<li><strong>Uso de todas las instalaciones comunes<\/strong> (terraza, sal\u00f3n con TV, sala de estudio).<\/li>\n<li><strong>Cocina equipada y espacio para almacenar menaje y alimentos personales<\/strong>.<\/li>\n<li><strong>Acceso a internet en toda la residencia<\/strong>.<\/li>\n<li><strong>Tel\u00e9fono gratuito para llamadas a fijos nacionales<\/strong>.<\/li>\n<li><strong>Consumo de agua y electricidad incluido<\/strong>.<\/li>\n<\/ul>\n[\/vc_column_text][vc_column_text css=\u00bb\u00bb el_class=\u00bbnormal-text\u00bb]\n<h2><strong>Servicios opcionales<\/strong><\/h2>\n<p>Para quienes buscan <strong>comodidades adicionales<\/strong>, ofrecemos:<\/p>\n<ul>\n<li><strong>Lavander\u00eda de autoservicio<\/strong> (lavadora y secadora con monedas).<\/li>\n<li><strong>M\u00e1quinas expendedoras de bebidas, snacks y caf\u00e9<\/strong>.<\/li>\n<li><strong>Packs de ropa de cama y toallas<\/strong>.<\/li>\n<li><strong>Suministro y cambio semanal de s\u00e1banas y toallas<\/strong>.<\/li>\n<\/ul>\n[\/vc_column_text][\/vc_column][\/vc_row][vc_row][vc_column][vc_column_text css=\u00bb\u00bb]\n<p style=\"text-align: center;\">Si buscas una <strong>residencia de estudiantes en Sabadell<\/strong> con todos los servicios que necesitas, <strong>contacta con nosotros para m\u00e1s informaci\u00f3n sobre precios y disponibilidad<\/strong>.<\/p>\n[\/vc_column_text][\/vc_column][\/vc_row]\n<\/div>","protected":false},"excerpt":{"rendered":"<p>[vc_row][vc_column][vc_column_text css=\u00bb\u00bb]En nuestra residencia de estudiantes en Sabadell, ofrecemos una amplia gama de servicios para garantizar una estancia c\u00f3moda y adaptada a tus necesidades. La tarifa incluye el acceso a todas las instalaciones comunes como la terraza-sol\u00e1rium, comedor, sala de estar y sala de estudio, as\u00ed como a los elementos de cada habitaci\u00f3n (televisi\u00f3n, nevera,&hellip;<\/p>\n","protected":false},"author":3,"featured_media":0,"parent":0,"menu_order":0,"comment_status":"closed","ping_status":"closed","template":"","meta":{"footnotes":""},"class_list":["post-2368","page","type-page","status-publish","hentry","entry","no-media"],"yoast_head":"<!-- This site is optimized with the Yoast SEO plugin v26.4 - https:\/\/yoast.com\/wordpress\/plugins\/seo\/ -->\n<title>Sabadell Residencia Estudiantes | Servicios | Resest<\/title>\n<meta name=\"description\" content=\"Descubre los servicios de Resest, la residencia de estudiantes en Sabadell, cerca de la UAB. Confort, estudio y bienestar. \u00a1Inf\u00f3rmate ahora!\" \/>\n<meta name=\"robots\" content=\"index, follow, max-snippet:-1, max-image-preview:large, max-video-preview:-1\" \/>\n<link rel=\"canonical\" href=\"https:\/\/resest.com\/es\/servicios-residencia-estudiantil-en-barcelona-bellaterra\/\" \/>\n<meta property=\"og:locale\" content=\"es_ES\" \/>\n<meta property=\"og:type\" content=\"article\" \/>\n<meta property=\"og:title\" content=\"Sabadell Residencia Estudiantes | Servicios | Resest\" \/>\n<meta property=\"og:description\" content=\"Descubre los servicios de Resest, la residencia de estudiantes en Sabadell, cerca de la UAB. Confort, estudio y bienestar. \u00a1Inf\u00f3rmate ahora!\" \/>\n<meta property=\"og:url\" content=\"https:\/\/resest.com\/es\/servicios-residencia-estudiantil-en-barcelona-bellaterra\/\" \/>\n<meta property=\"og:site_name\" content=\"Resid\u00e8ncia d&#039;Estudiants l&#039;Estaci\u00f3 de Sabadell | Resest\" \/>\n<meta property=\"article:modified_time\" content=\"2025-05-21T11:57:35+00:00\" \/>\n<meta name=\"twitter:label1\" content=\"Tiempo de lectura\" \/>\n\t<meta name=\"twitter:data1\" content=\"2 minutos\" \/>\n<script type=\"application\/ld+json\" class=\"yoast-schema-graph\">{\"@context\":\"https:\/\/schema.org\",\"@graph\":[{\"@type\":\"WebPage\",\"@id\":\"https:\/\/resest.com\/es\/servicios-residencia-estudiantil-en-barcelona-bellaterra\/\",\"url\":\"https:\/\/resest.com\/es\/servicios-residencia-estudiantil-en-barcelona-bellaterra\/\",\"name\":\"Sabadell Residencia Estudiantes | Servicios | Resest\",\"isPartOf\":{\"@id\":\"https:\/\/resest.com\/es\/#website\"},\"datePublished\":\"2015-01-13T11:33:35+00:00\",\"dateModified\":\"2025-05-21T11:57:35+00:00\",\"description\":\"Descubre los servicios de Resest, la residencia de estudiantes en Sabadell, cerca de la UAB. Confort, estudio y bienestar. \u00a1Inf\u00f3rmate ahora!\",\"breadcrumb\":{\"@id\":\"https:\/\/resest.com\/es\/servicios-residencia-estudiantil-en-barcelona-bellaterra\/#breadcrumb\"},\"inLanguage\":\"es\",\"potentialAction\":[{\"@type\":\"ReadAction\",\"target\":[\"https:\/\/resest.com\/es\/servicios-residencia-estudiantil-en-barcelona-bellaterra\/\"]}]},{\"@type\":\"BreadcrumbList\",\"@id\":\"https:\/\/resest.com\/es\/servicios-residencia-estudiantil-en-barcelona-bellaterra\/#breadcrumb\",\"itemListElement\":[{\"@type\":\"ListItem\",\"position\":1,\"name\":\"Inici\",\"item\":\"https:\/\/resest.com\/es\/\"},{\"@type\":\"ListItem\",\"position\":2,\"name\":\"Servicios de la Residencia Estudiantil\"}]},{\"@type\":\"WebSite\",\"@id\":\"https:\/\/resest.com\/es\/#website\",\"url\":\"https:\/\/resest.com\/es\/\",\"name\":\"Resid\u00e8ncia d&#039;Estudiants l&#039;Estaci\u00f3 de Sabadell | Resest\",\"description\":\"Otro sitio realizado con WordPress\",\"publisher\":{\"@id\":\"https:\/\/resest.com\/es\/#organization\"},\"potentialAction\":[{\"@type\":\"SearchAction\",\"target\":{\"@type\":\"EntryPoint\",\"urlTemplate\":\"https:\/\/resest.com\/es\/?s={search_term_string}\"},\"query-input\":{\"@type\":\"PropertyValueSpecification\",\"valueRequired\":true,\"valueName\":\"search_term_string\"}}],\"inLanguage\":\"es\"},{\"@type\":\"Organization\",\"@id\":\"https:\/\/resest.com\/es\/#organization\",\"name\":\"Resid\u00e8ncia d&#039;Estudiants l&#039;Estaci\u00f3 de Sabadell | Resest\",\"url\":\"https:\/\/resest.com\/es\/\",\"logo\":{\"@type\":\"ImageObject\",\"inLanguage\":\"es\",\"@id\":\"https:\/\/resest.com\/es\/#\/schema\/logo\/image\/\",\"url\":\"https:\/\/resest.com\/wp-content\/uploads\/2024\/03\/Facana-1.jpg\",\"contentUrl\":\"https:\/\/resest.com\/wp-content\/uploads\/2024\/03\/Facana-1.jpg\",\"width\":1200,\"height\":1009,\"caption\":\"Resid\u00e8ncia d&#039;Estudiants l&#039;Estaci\u00f3 de Sabadell | Resest\"},\"image\":{\"@id\":\"https:\/\/resest.com\/es\/#\/schema\/logo\/image\/\"}}]}<\/script>\n<!-- \/ Yoast SEO plugin. -->","yoast_head_json":{"title":"Sabadell Residencia Estudiantes | Servicios | Resest","description":"Descubre los servicios de Resest, la residencia de estudiantes en Sabadell, cerca de la UAB. Confort, estudio y bienestar. \u00a1Inf\u00f3rmate ahora!","robots":{"index":"index","follow":"follow","max-snippet":"max-snippet:-1","max-image-preview":"max-image-preview:large","max-video-preview":"max-video-preview:-1"},"canonical":"https:\/\/resest.com\/es\/servicios-residencia-estudiantil-en-barcelona-bellaterra\/","og_locale":"es_ES","og_type":"article","og_title":"Sabadell Residencia Estudiantes | Servicios | Resest","og_description":"Descubre los servicios de Resest, la residencia de estudiantes en Sabadell, cerca de la UAB. Confort, estudio y bienestar. \u00a1Inf\u00f3rmate ahora!","og_url":"https:\/\/resest.com\/es\/servicios-residencia-estudiantil-en-barcelona-bellaterra\/","og_site_name":"Resid\u00e8ncia d&#039;Estudiants l&#039;Estaci\u00f3 de Sabadell | Resest","article_modified_time":"2025-05-21T11:57:35+00:00","twitter_misc":{"Tiempo de lectura":"2 minutos"},"schema":{"@context":"https:\/\/schema.org","@graph":[{"@type":"WebPage","@id":"https:\/\/resest.com\/es\/servicios-residencia-estudiantil-en-barcelona-bellaterra\/","url":"https:\/\/resest.com\/es\/servicios-residencia-estudiantil-en-barcelona-bellaterra\/","name":"Sabadell Residencia Estudiantes | Servicios | Resest","isPartOf":{"@id":"https:\/\/resest.com\/es\/#website"},"datePublished":"2015-01-13T11:33:35+00:00","dateModified":"2025-05-21T11:57:35+00:00","description":"Descubre los servicios de Resest, la residencia de estudiantes en Sabadell, cerca de la UAB. Confort, estudio y bienestar. \u00a1Inf\u00f3rmate ahora!","breadcrumb":{"@id":"https:\/\/resest.com\/es\/servicios-residencia-estudiantil-en-barcelona-bellaterra\/#breadcrumb"},"inLanguage":"es","potentialAction":[{"@type":"ReadAction","target":["https:\/\/resest.com\/es\/servicios-residencia-estudiantil-en-barcelona-bellaterra\/"]}]},{"@type":"BreadcrumbList","@id":"https:\/\/resest.com\/es\/servicios-residencia-estudiantil-en-barcelona-bellaterra\/#breadcrumb","itemListElement":[{"@type":"ListItem","position":1,"name":"Inici","item":"https:\/\/resest.com\/es\/"},{"@type":"ListItem","position":2,"name":"Servicios de la Residencia Estudiantil"}]},{"@type":"WebSite","@id":"https:\/\/resest.com\/es\/#website","url":"https:\/\/resest.com\/es\/","name":"Resid\u00e8ncia d&#039;Estudiants l&#039;Estaci\u00f3 de Sabadell | Resest","description":"Otro sitio realizado con WordPress","publisher":{"@id":"https:\/\/resest.com\/es\/#organization"},"potentialAction":[{"@type":"SearchAction","target":{"@type":"EntryPoint","urlTemplate":"https:\/\/resest.com\/es\/?s={search_term_string}"},"query-input":{"@type":"PropertyValueSpecification","valueRequired":true,"valueName":"search_term_string"}}],"inLanguage":"es"},{"@type":"Organization","@id":"https:\/\/resest.com\/es\/#organization","name":"Resid\u00e8ncia d&#039;Estudiants l&#039;Estaci\u00f3 de Sabadell | Resest","url":"https:\/\/resest.com\/es\/","logo":{"@type":"ImageObject","inLanguage":"es","@id":"https:\/\/resest.com\/es\/#\/schema\/logo\/image\/","url":"https:\/\/resest.com\/wp-content\/uploads\/2024\/03\/Facana-1.jpg","contentUrl":"https:\/\/resest.com\/wp-content\/uploads\/2024\/03\/Facana-1.jpg","width":1200,"height":1009,"caption":"Resid\u00e8ncia d&#039;Estudiants l&#039;Estaci\u00f3 de Sabadell | Resest"},"image":{"@id":"https:\/\/resest.com\/es\/#\/schema\/logo\/image\/"}}]}},"_links":{"self":[{"href":"https:\/\/resest.com\/es\/wp-json\/wp\/v2\/pages\/2368","targetHints":{"allow":["GET"]}}],"collection":[{"href":"https:\/\/resest.com\/es\/wp-json\/wp\/v2\/pages"}],"about":[{"href":"https:\/\/resest.com\/es\/wp-json\/wp\/v2\/types\/page"}],"author":[{"embeddable":true,"href":"https:\/\/resest.com\/es\/wp-json\/wp\/v2\/users\/3"}],"replies":[{"embeddable":true,"href":"https:\/\/resest.com\/es\/wp-json\/wp\/v2\/comments?post=2368"}],"version-history":[{"count":0,"href":"https:\/\/resest.com\/es\/wp-json\/wp\/v2\/pages\/2368\/revisions"}],"wp:attachment":[{"href":"https:\/\/resest.com\/es\/wp-json\/wp\/v2\/media?parent=2368"}],"curies":[{"name":"wp","href":"https:\/\/api.w.org\/{rel}","templated":true}]}}