{"id":2358,"date":"2015-01-13T12:32:48","date_gmt":"2015-01-13T11:32:48","guid":{"rendered":"http:\/\/resest.com\/?page_id=2358"},"modified":"2025-05-21T13:41:50","modified_gmt":"2025-05-21T11:41:50","slug":"las-habitaciones-de-la-residencia-estudiantil-en-sabadell","status":"publish","type":"page","link":"https:\/\/resest.com\/es\/las-habitaciones-de-la-residencia-estudiantil-en-sabadell\/","title":{"rendered":"Habitaciones en Sabadell \u2013 Residencia de estudiantes Resest"},"content":{"rendered":"<div class=\"wpb-content-wrapper\">[vc_row][vc_column]<style>.vcex-heading.vcex_69f0c2b5c350e{font-size:36px;text-transform:uppercase;}<\/style><h1 class=\"vcex-heading vcex-heading-plain vcex-module wpex-heading wpex-text-2xl wpex-mb-25 vcex_69f0c2b5c350e\"><span class=\"vcex-heading-inner wpex-inline-block\">Habitaciones en Sabadell \u2013 Residencia de estudiantes Resest<\/span><\/h1>[vc_column_text css=\u00bb\u00bb]La <strong>Residencia de Estudiantes L\u2019Estaci\u00f3<\/strong> ofrece <strong>habitaciones en Sabadell<\/strong> dise\u00f1adas para la comodidad y el estudio. Ubicada en un punto estrat\u00e9gico, cerca de la <strong>Universidad Aut\u00f3noma de Barcelona (UAB)<\/strong> y con excelente conexi\u00f3n a <strong>Barcelona<\/strong>, nuestra residencia cuenta con <strong>18 habitaciones dobles<\/strong> con capacidad para <strong>36 estudiantes<\/strong>, asegurando un ambiente seguro, funcional y acogedor.<\/p>\n<p>&nbsp;<\/p>\n<p><strong>Ubicada en Sabadell, junto a la estaci\u00f3n Can Feu &#8211; Gr\u00e0cia de FGC<\/strong>, la residencia permite llegar a la <strong>Universidad Aut\u00f3noma de Barcelona (UAB) en solo 5 minutos<\/strong>. Tambi\u00e9n cuenta con paradas de autobuses cercanas para moverse f\u00e1cilmente por la ciudad.[\/vc_column_text][vc_row_inner][vc_column_inner width=\u00bb1\/2&#8243;]<div class=\"wpex-slider-preloaderimg \"><img width=\"800\" height=\"1200\" src=\"https:\/\/resest.com\/wp-content\/uploads\/2024\/07\/ResiEstudiants-42.jpg\" class=\"skip-lazy\" alt=\"\" data-no-lazy=\"1\" srcset=\"https:\/\/resest.com\/wp-content\/uploads\/2024\/07\/ResiEstudiants-42.jpg 800w, https:\/\/resest.com\/wp-content\/uploads\/2024\/07\/ResiEstudiants-42-200x300.jpg 200w, https:\/\/resest.com\/wp-content\/uploads\/2024\/07\/ResiEstudiants-42-683x1024.jpg 683w, https:\/\/resest.com\/wp-content\/uploads\/2024\/07\/ResiEstudiants-42-768x1152.jpg 768w\" sizes=\"(max-width: 800px) 100vw, 800px\" \/><\/div><div class=\"vcex-module wpex-slider slider-pro no-margin-thumbnails vcex-image-gallery-slider\" data-thumbnails=\"true\" data-thumbnail-height=\"auto\" data-auto-play-delay=\"5000\" data-animation-speed=\"600\" data-height-animation-duration=\"500\"><div class=\"wpex-slider-slides sp-slides\"><div class=\"wpex-slider-slide sp-slide\"><div class=\"wpex-slider-media\"><img width=\"800\" height=\"1200\" src=\"https:\/\/resest.com\/wp-content\/uploads\/2024\/07\/ResiEstudiants-42.jpg\" class=\"skip-lazy\" alt=\"\" data-no-lazy=\"1\" srcset=\"https:\/\/resest.com\/wp-content\/uploads\/2024\/07\/ResiEstudiants-42.jpg 800w, https:\/\/resest.com\/wp-content\/uploads\/2024\/07\/ResiEstudiants-42-200x300.jpg 200w, https:\/\/resest.com\/wp-content\/uploads\/2024\/07\/ResiEstudiants-42-683x1024.jpg 683w, https:\/\/resest.com\/wp-content\/uploads\/2024\/07\/ResiEstudiants-42-768x1152.jpg 768w\" sizes=\"(max-width: 800px) 100vw, 800px\" \/><\/div><\/div><div class=\"wpex-slider-slide sp-slide\"><div class=\"wpex-slider-media\"><img width=\"803\" height=\"1200\" src=\"https:\/\/resest.com\/wp-content\/uploads\/2024\/07\/ResiEstudiants-34.jpg\" class=\"skip-lazy\" alt=\"\" data-no-lazy=\"1\" srcset=\"https:\/\/resest.com\/wp-content\/uploads\/2024\/07\/ResiEstudiants-34.jpg 803w, https:\/\/resest.com\/wp-content\/uploads\/2024\/07\/ResiEstudiants-34-201x300.jpg 201w, https:\/\/resest.com\/wp-content\/uploads\/2024\/07\/ResiEstudiants-34-685x1024.jpg 685w, https:\/\/resest.com\/wp-content\/uploads\/2024\/07\/ResiEstudiants-34-768x1148.jpg 768w\" sizes=\"(max-width: 803px) 100vw, 803px\" \/><\/div><\/div><div class=\"wpex-slider-slide sp-slide\"><div class=\"wpex-slider-media\"><img width=\"1200\" height=\"800\" src=\"https:\/\/resest.com\/wp-content\/uploads\/2024\/07\/ResiEstudiants-32.jpg\" class=\"skip-lazy\" alt=\"\" data-no-lazy=\"1\" srcset=\"https:\/\/resest.com\/wp-content\/uploads\/2024\/07\/ResiEstudiants-32.jpg 1200w, https:\/\/resest.com\/wp-content\/uploads\/2024\/07\/ResiEstudiants-32-300x200.jpg 300w, https:\/\/resest.com\/wp-content\/uploads\/2024\/07\/ResiEstudiants-32-1024x683.jpg 1024w, https:\/\/resest.com\/wp-content\/uploads\/2024\/07\/ResiEstudiants-32-768x512.jpg 768w\" sizes=\"(max-width: 1200px) 100vw, 1200px\" \/><\/div><\/div><div class=\"wpex-slider-slide sp-slide\"><div class=\"wpex-slider-media\"><img width=\"1200\" height=\"800\" src=\"https:\/\/resest.com\/wp-content\/uploads\/2024\/07\/ResiEstudiants-31.jpg\" class=\"skip-lazy\" alt=\"\" data-no-lazy=\"1\" srcset=\"https:\/\/resest.com\/wp-content\/uploads\/2024\/07\/ResiEstudiants-31.jpg 1200w, https:\/\/resest.com\/wp-content\/uploads\/2024\/07\/ResiEstudiants-31-300x200.jpg 300w, https:\/\/resest.com\/wp-content\/uploads\/2024\/07\/ResiEstudiants-31-1024x683.jpg 1024w, https:\/\/resest.com\/wp-content\/uploads\/2024\/07\/ResiEstudiants-31-768x512.jpg 768w\" sizes=\"(max-width: 1200px) 100vw, 1200px\" \/><\/div><\/div><div class=\"wpex-slider-slide sp-slide\"><div class=\"wpex-slider-media\"><img width=\"1200\" height=\"800\" src=\"https:\/\/resest.com\/wp-content\/uploads\/2024\/07\/ResiEstudiants-33.jpg\" class=\"skip-lazy\" alt=\"\" data-no-lazy=\"1\" srcset=\"https:\/\/resest.com\/wp-content\/uploads\/2024\/07\/ResiEstudiants-33.jpg 1200w, https:\/\/resest.com\/wp-content\/uploads\/2024\/07\/ResiEstudiants-33-300x200.jpg 300w, https:\/\/resest.com\/wp-content\/uploads\/2024\/07\/ResiEstudiants-33-1024x683.jpg 1024w, https:\/\/resest.com\/wp-content\/uploads\/2024\/07\/ResiEstudiants-33-768x512.jpg 768w\" sizes=\"(max-width: 1200px) 100vw, 1200px\" \/><\/div><\/div><div class=\"wpex-slider-slide sp-slide\"><div class=\"wpex-slider-media\"><img width=\"1200\" height=\"801\" src=\"https:\/\/resest.com\/wp-content\/uploads\/2024\/07\/ResiEstudiants-37.jpg\" class=\"skip-lazy\" alt=\"\" data-no-lazy=\"1\" srcset=\"https:\/\/resest.com\/wp-content\/uploads\/2024\/07\/ResiEstudiants-37.jpg 1200w, https:\/\/resest.com\/wp-content\/uploads\/2024\/07\/ResiEstudiants-37-300x200.jpg 300w, https:\/\/resest.com\/wp-content\/uploads\/2024\/07\/ResiEstudiants-37-1024x684.jpg 1024w, https:\/\/resest.com\/wp-content\/uploads\/2024\/07\/ResiEstudiants-37-768x513.jpg 768w\" sizes=\"(max-width: 1200px) 100vw, 1200px\" \/><\/div><\/div><div class=\"wpex-slider-slide sp-slide\"><div class=\"wpex-slider-media\"><img width=\"1200\" height=\"799\" src=\"https:\/\/resest.com\/wp-content\/uploads\/2024\/07\/ResiEstudiants-36.jpg\" class=\"skip-lazy\" alt=\"\" data-no-lazy=\"1\" srcset=\"https:\/\/resest.com\/wp-content\/uploads\/2024\/07\/ResiEstudiants-36.jpg 1200w, https:\/\/resest.com\/wp-content\/uploads\/2024\/07\/ResiEstudiants-36-300x200.jpg 300w, https:\/\/resest.com\/wp-content\/uploads\/2024\/07\/ResiEstudiants-36-1024x682.jpg 1024w, https:\/\/resest.com\/wp-content\/uploads\/2024\/07\/ResiEstudiants-36-768x511.jpg 768w\" sizes=\"(max-width: 1200px) 100vw, 1200px\" \/><\/div><\/div><div class=\"wpex-slider-slide sp-slide\"><div class=\"wpex-slider-media\"><img width=\"1200\" height=\"800\" src=\"https:\/\/resest.com\/wp-content\/uploads\/2024\/07\/ResiEstudiants-39.jpg\" class=\"skip-lazy\" alt=\"\" data-no-lazy=\"1\" srcset=\"https:\/\/resest.com\/wp-content\/uploads\/2024\/07\/ResiEstudiants-39.jpg 1200w, https:\/\/resest.com\/wp-content\/uploads\/2024\/07\/ResiEstudiants-39-300x200.jpg 300w, https:\/\/resest.com\/wp-content\/uploads\/2024\/07\/ResiEstudiants-39-1024x683.jpg 1024w, https:\/\/resest.com\/wp-content\/uploads\/2024\/07\/ResiEstudiants-39-768x512.jpg 768w\" sizes=\"(max-width: 1200px) 100vw, 1200px\" \/><\/div><\/div><div class=\"wpex-slider-slide sp-slide\"><div class=\"wpex-slider-media\"><img width=\"1200\" height=\"800\" src=\"https:\/\/resest.com\/wp-content\/uploads\/2024\/07\/ResiEstudiantsd_Extres-2.jpg\" class=\"skip-lazy\" alt=\"\" data-no-lazy=\"1\" srcset=\"https:\/\/resest.com\/wp-content\/uploads\/2024\/07\/ResiEstudiantsd_Extres-2.jpg 1200w, https:\/\/resest.com\/wp-content\/uploads\/2024\/07\/ResiEstudiantsd_Extres-2-300x200.jpg 300w, https:\/\/resest.com\/wp-content\/uploads\/2024\/07\/ResiEstudiantsd_Extres-2-1024x683.jpg 1024w, https:\/\/resest.com\/wp-content\/uploads\/2024\/07\/ResiEstudiantsd_Extres-2-768x512.jpg 768w\" sizes=\"(max-width: 1200px) 100vw, 1200px\" \/><\/div><\/div><\/div><div class=\"wpex-slider-thumbnails sp-nc-thumbnails wpex-grid wpex-grid-cols-5\"><img data-no-lazy=\"1\" class=\"wpex-slider-thumbnail wpex-block wpex-w-100 sp-nc-thumbnail skip-lazy\" src=\"https:\/\/resest.com\/wp-content\/uploads\/2024\/07\/ResiEstudiants-42-100x100.jpg\" alt=\"\" srcset=\"https:\/\/resest.com\/wp-content\/uploads\/2024\/07\/ResiEstudiants-42-100x100.jpg 100w, https:\/\/resest.com\/wp-content\/uploads\/2024\/07\/ResiEstudiants-42-150x150.jpg 150w\" width=\"100\" height=\"100\"><img data-no-lazy=\"1\" class=\"wpex-slider-thumbnail wpex-block wpex-w-100 sp-nc-thumbnail skip-lazy\" src=\"https:\/\/resest.com\/wp-content\/uploads\/2024\/07\/ResiEstudiants-34-100x100.jpg\" alt=\"\" srcset=\"https:\/\/resest.com\/wp-content\/uploads\/2024\/07\/ResiEstudiants-34-100x100.jpg 100w, https:\/\/resest.com\/wp-content\/uploads\/2024\/07\/ResiEstudiants-34-150x150.jpg 150w\" width=\"100\" height=\"100\"><img data-no-lazy=\"1\" class=\"wpex-slider-thumbnail wpex-block wpex-w-100 sp-nc-thumbnail skip-lazy\" src=\"https:\/\/resest.com\/wp-content\/uploads\/2024\/07\/ResiEstudiants-32-100x100.jpg\" alt=\"\" srcset=\"https:\/\/resest.com\/wp-content\/uploads\/2024\/07\/ResiEstudiants-32-100x100.jpg 100w, https:\/\/resest.com\/wp-content\/uploads\/2024\/07\/ResiEstudiants-32-150x150.jpg 150w\" width=\"100\" height=\"100\"><img data-no-lazy=\"1\" class=\"wpex-slider-thumbnail wpex-block wpex-w-100 sp-nc-thumbnail skip-lazy\" src=\"https:\/\/resest.com\/wp-content\/uploads\/2024\/07\/ResiEstudiants-31-100x100.jpg\" alt=\"\" srcset=\"https:\/\/resest.com\/wp-content\/uploads\/2024\/07\/ResiEstudiants-31-100x100.jpg 100w, https:\/\/resest.com\/wp-content\/uploads\/2024\/07\/ResiEstudiants-31-150x150.jpg 150w\" width=\"100\" height=\"100\"><img data-no-lazy=\"1\" class=\"wpex-slider-thumbnail wpex-block wpex-w-100 sp-nc-thumbnail skip-lazy\" src=\"https:\/\/resest.com\/wp-content\/uploads\/2024\/07\/ResiEstudiants-33-100x100.jpg\" alt=\"\" srcset=\"https:\/\/resest.com\/wp-content\/uploads\/2024\/07\/ResiEstudiants-33-100x100.jpg 100w, https:\/\/resest.com\/wp-content\/uploads\/2024\/07\/ResiEstudiants-33-150x150.jpg 150w\" width=\"100\" height=\"100\"><img data-no-lazy=\"1\" class=\"wpex-slider-thumbnail wpex-block wpex-w-100 sp-nc-thumbnail skip-lazy\" src=\"https:\/\/resest.com\/wp-content\/uploads\/2024\/07\/ResiEstudiants-37-100x100.jpg\" alt=\"\" srcset=\"https:\/\/resest.com\/wp-content\/uploads\/2024\/07\/ResiEstudiants-37-100x100.jpg 100w, https:\/\/resest.com\/wp-content\/uploads\/2024\/07\/ResiEstudiants-37-150x150.jpg 150w\" width=\"100\" height=\"100\"><img data-no-lazy=\"1\" class=\"wpex-slider-thumbnail wpex-block wpex-w-100 sp-nc-thumbnail skip-lazy\" src=\"https:\/\/resest.com\/wp-content\/uploads\/2024\/07\/ResiEstudiants-36-100x100.jpg\" alt=\"\" srcset=\"https:\/\/resest.com\/wp-content\/uploads\/2024\/07\/ResiEstudiants-36-100x100.jpg 100w, https:\/\/resest.com\/wp-content\/uploads\/2024\/07\/ResiEstudiants-36-150x150.jpg 150w\" width=\"100\" height=\"100\"><img data-no-lazy=\"1\" class=\"wpex-slider-thumbnail wpex-block wpex-w-100 sp-nc-thumbnail skip-lazy\" src=\"https:\/\/resest.com\/wp-content\/uploads\/2024\/07\/ResiEstudiants-39-100x100.jpg\" alt=\"\" srcset=\"https:\/\/resest.com\/wp-content\/uploads\/2024\/07\/ResiEstudiants-39-100x100.jpg 100w, https:\/\/resest.com\/wp-content\/uploads\/2024\/07\/ResiEstudiants-39-150x150.jpg 150w\" width=\"100\" height=\"100\"><img data-no-lazy=\"1\" class=\"wpex-slider-thumbnail wpex-block wpex-w-100 sp-nc-thumbnail skip-lazy\" src=\"https:\/\/resest.com\/wp-content\/uploads\/2024\/07\/ResiEstudiantsd_Extres-2-100x100.jpg\" alt=\"\" srcset=\"https:\/\/resest.com\/wp-content\/uploads\/2024\/07\/ResiEstudiantsd_Extres-2-100x100.jpg 100w, https:\/\/resest.com\/wp-content\/uploads\/2024\/07\/ResiEstudiantsd_Extres-2-150x150.jpg 150w\" width=\"100\" height=\"100\"><\/div><\/div>[\/vc_column_inner][vc_column_inner width=\u00bb1\/2&#8243;][vc_column_text css=\u00bb\u00bb el_class=\u00bbnormal-text\u00bb]\n<h2 style=\"text-align: justify;\"><strong>Habitaciones amplias y bien equipadas<\/strong><\/h2>\n<p>Cada habitaci\u00f3n ha sido dise\u00f1ada para proporcionar un entorno c\u00f3modo e independiente. Los equipamientos b\u00e1sicos incluyen:<\/p>\n<ul>\n<li><strong>Habitaciones de 20m2<\/strong>, espaciosas y dise\u00f1adas con un enfoque minimalista y moderno, todas ellas con balc\u00f3n exterior que aporta abundante luz natural, creando un ambiente fresco y luminoso para estudiar y relajarse.<\/li>\n<li><strong>Balc\u00f3n exterior<\/strong>, aportando luz natural y vistas despejadas, creando un ambiente fresco y luminoso para estudiar y relajarse.<\/li>\n<li><strong>2 camas confortables de 90 x 190\/200 cm<\/strong>, ideales para descansar despu\u00e9s de un d\u00eda largo de estudios o actividades extracurriculares.<\/li>\n<li><strong>Un<\/strong>\u00a0<strong>mueble estanter\u00eda<\/strong>\u00a0de separaci\u00f3n entre las camas, que proporciona privacidad y ayuda a crear dos espacios de descanso independientes en cada habitaci\u00f3n.<\/li>\n<li><strong>2 mesas escritorio<\/strong>\u00a0amplias, equipadas con cajones para organizar tus materiales de estudio, y 2 sillas ergon\u00f3micas que aseguran un espacio de estudio confortable durante largas horas.<\/li>\n<li><strong>Estanter\u00edas adicionales<\/strong>\u00a0para libros y otros materiales acad\u00e9micos, lo que facilita mantener la habitaci\u00f3n ordenada y el acceso a los materiales de estudio.<\/li>\n<li><strong>Mini-nevera, <\/strong>ideal para almacenar refrigerios y bebidas, permitiendo tener a mano alimentos favoritos.<\/li>\n<\/ul>\n[\/vc_column_text][\/vc_column_inner][\/vc_row_inner][\/vc_column][\/vc_row][vc_row][vc_column][vc_column_text css=\u00bb\u00bb]\n<ul>\n<li>Una\u00a0<strong>caja de seguridad<\/strong>\u00a0en cada habitaci\u00f3n para guardar objetos de valor, proporcionando tranquilidad y seguridad.<\/li>\n<li><strong>2 armarios roperos individuales y 2 armarios altillo individuales<\/strong>, que ofrecen suficiente espacio de almacenamiento para ropa y pertenencias personales.<\/li>\n<li><strong>Tel\u00e9fono<\/strong>\u00a0en cada habitaci\u00f3n, facilitando la comunicaci\u00f3n con otros residentes o el contacto con el exterior.<\/li>\n<li><strong>Acceso a Internet y wifi<\/strong>\u00a0de alta velocidad, esencial para la investigaci\u00f3n acad\u00e9mica y la comunicaci\u00f3n en l\u00ednea.<\/li>\n<li>Un\u00a0<strong>cuarto de ba\u00f1o privado<\/strong>, para la higiene con espacio para guardar tus pertenencias.<\/li>\n<li><strong>Climatizaci\u00f3n regulable<\/strong>, permitiendo ajustar la temperatura de la habitaci\u00f3n a tu preferencia, garantizando un ambiente confortable en todas las estaciones del a\u00f1o.<\/li>\n<li><strong>Cortinas opacas<\/strong>, permitiendo controlar la luz exterior seg\u00fan las necesidades del estudiante.<\/li>\n<li><strong>Tarifa plana para llamadas a tel\u00e9fonos<\/strong>\u00a0<strong>fijos nacionales,\u00a0<\/strong>lo que facilita mantener el contacto con la familia y amigos costos adicionales.<\/li>\n<li><strong>Servicio de<\/strong>\u00a0<strong>limpieza semanal<\/strong>\u00a0de la habitaci\u00f3n y el ba\u00f1o.<\/li>\n<\/ul>\n<p>&nbsp;<\/p>\n<p>Las habitaciones han sido dise\u00f1adas para que los residentes puedan <strong>estudiar sin interrupciones<\/strong>. La distribuci\u00f3n de escritorios y fuentes de luz evita molestias entre compa\u00f1eros. Adem\u00e1s, en situaciones espec\u00edficas, algunas habitaciones pueden destinarse a <strong>uso individual<\/strong>, ofreciendo mayor privacidad.[\/vc_column_text][vc_column_text css=\u00bb\u00bb el_class=\u00bbnormal-text\u00bb]\n<h2 style=\"text-align: justify;\"><strong>Servicios adicionales y opciones personalizadas<\/strong><\/h2>\n<p>Para mejorar a\u00fan m\u00e1s la estancia, los residentes pueden optar por <strong>servicios adicionales<\/strong> como:<\/p>\n<p>&nbsp;<\/p>\n<ul>\n<li><strong>Impresora-esc\u00e1ner particular<\/strong>\u00a0en la habitaci\u00f3n, facilitando el trabajo acad\u00e9mico.<\/li>\n<li><strong>Cambio y suministro semanal de s\u00e1banas y toallas<\/strong>, asegurando mayor comodidad.<\/li>\n<li><strong>Posibilidad de elegir compa\u00f1ero\/a de habitaci\u00f3n<\/strong>, para quienes deseen compartir estancia con alguien conocido.<\/li>\n<\/ul>\n<p>&nbsp;<\/p>\n<p>Adem\u00e1s, las habitaciones dobles est\u00e1n dise\u00f1adas para compartir, asignando siempre compa\u00f1eros del mismo sexo, promoviendo la convivencia y el respeto a la privacidad.<\/p>\n<p>Si buscas <strong>habitaciones en Sabadell<\/strong> bien equipadas, seguras y con una ubicaci\u00f3n inmejorable, la <strong>Residencia de Estudiantes L\u2019Estaci\u00f3<\/strong> es la mejor opci\u00f3n para tu vida universitaria.<\/p>\n<p>&nbsp;<\/p>\n<p><strong>Consulta disponibilidad y reserva tu plaza.<\/strong>[\/vc_column_text][\/vc_column][\/vc_row]\n<\/div>","protected":false},"excerpt":{"rendered":"<p>[vc_row][vc_column][vc_column_text css=\u00bb\u00bb]La Residencia de Estudiantes L\u2019Estaci\u00f3 ofrece habitaciones en Sabadell dise\u00f1adas para la comodidad y el estudio. Ubicada en un punto estrat\u00e9gico, cerca de la Universidad Aut\u00f3noma de Barcelona (UAB) y con excelente conexi\u00f3n a Barcelona, nuestra residencia cuenta con 18 habitaciones dobles con capacidad para 36 estudiantes, asegurando un ambiente seguro, funcional y acogedor.&hellip;<\/p>\n","protected":false},"author":3,"featured_media":0,"parent":0,"menu_order":0,"comment_status":"closed","ping_status":"closed","template":"","meta":{"footnotes":""},"class_list":["post-2358","page","type-page","status-publish","hentry","entry","no-media"],"yoast_head":"<!-- This site is optimized with the Yoast SEO plugin v26.4 - https:\/\/yoast.com\/wordpress\/plugins\/seo\/ -->\n<title>Habitaciones en Sabadell | Residencia para Estudiantes - Resest<\/title>\n<meta name=\"description\" content=\"Descubre nuestras habitaciones en Sabadell, cerca de la UAB y Barcelona. Confort, servicios y fotos de la residencia. \u00a1Inf\u00f3rmate ahora!\" \/>\n<meta name=\"robots\" content=\"index, follow, max-snippet:-1, max-image-preview:large, max-video-preview:-1\" \/>\n<link rel=\"canonical\" href=\"https:\/\/resest.com\/es\/las-habitaciones-de-la-residencia-estudiantil-en-sabadell\/\" \/>\n<meta property=\"og:locale\" content=\"es_ES\" \/>\n<meta property=\"og:type\" content=\"article\" \/>\n<meta property=\"og:title\" content=\"Habitaciones en Sabadell | Residencia para Estudiantes - Resest\" \/>\n<meta property=\"og:description\" content=\"Descubre nuestras habitaciones en Sabadell, cerca de la UAB y Barcelona. Confort, servicios y fotos de la residencia. \u00a1Inf\u00f3rmate ahora!\" \/>\n<meta property=\"og:url\" content=\"https:\/\/resest.com\/es\/las-habitaciones-de-la-residencia-estudiantil-en-sabadell\/\" \/>\n<meta property=\"og:site_name\" content=\"Resid\u00e8ncia d&#039;Estudiants l&#039;Estaci\u00f3 de Sabadell | Resest\" \/>\n<meta property=\"article:modified_time\" content=\"2025-05-21T11:41:50+00:00\" \/>\n<meta name=\"twitter:label1\" content=\"Tiempo de lectura\" \/>\n\t<meta name=\"twitter:data1\" content=\"4 minutos\" \/>\n<script type=\"application\/ld+json\" class=\"yoast-schema-graph\">{\"@context\":\"https:\/\/schema.org\",\"@graph\":[{\"@type\":\"WebPage\",\"@id\":\"https:\/\/resest.com\/es\/las-habitaciones-de-la-residencia-estudiantil-en-sabadell\/\",\"url\":\"https:\/\/resest.com\/es\/las-habitaciones-de-la-residencia-estudiantil-en-sabadell\/\",\"name\":\"Habitaciones en Sabadell | Residencia para Estudiantes - Resest\",\"isPartOf\":{\"@id\":\"https:\/\/resest.com\/es\/#website\"},\"datePublished\":\"2015-01-13T11:32:48+00:00\",\"dateModified\":\"2025-05-21T11:41:50+00:00\",\"description\":\"Descubre nuestras habitaciones en Sabadell, cerca de la UAB y Barcelona. Confort, servicios y fotos de la residencia. \u00a1Inf\u00f3rmate ahora!\",\"breadcrumb\":{\"@id\":\"https:\/\/resest.com\/es\/las-habitaciones-de-la-residencia-estudiantil-en-sabadell\/#breadcrumb\"},\"inLanguage\":\"es\",\"potentialAction\":[{\"@type\":\"ReadAction\",\"target\":[\"https:\/\/resest.com\/es\/las-habitaciones-de-la-residencia-estudiantil-en-sabadell\/\"]}]},{\"@type\":\"BreadcrumbList\",\"@id\":\"https:\/\/resest.com\/es\/las-habitaciones-de-la-residencia-estudiantil-en-sabadell\/#breadcrumb\",\"itemListElement\":[{\"@type\":\"ListItem\",\"position\":1,\"name\":\"Inici\",\"item\":\"https:\/\/resest.com\/es\/\"},{\"@type\":\"ListItem\",\"position\":2,\"name\":\"Habitaciones en Sabadell \u2013 Residencia de estudiantes Resest\"}]},{\"@type\":\"WebSite\",\"@id\":\"https:\/\/resest.com\/es\/#website\",\"url\":\"https:\/\/resest.com\/es\/\",\"name\":\"Resid\u00e8ncia d&#039;Estudiants l&#039;Estaci\u00f3 de Sabadell | Resest\",\"description\":\"Otro sitio realizado con WordPress\",\"publisher\":{\"@id\":\"https:\/\/resest.com\/es\/#organization\"},\"potentialAction\":[{\"@type\":\"SearchAction\",\"target\":{\"@type\":\"EntryPoint\",\"urlTemplate\":\"https:\/\/resest.com\/es\/?s={search_term_string}\"},\"query-input\":{\"@type\":\"PropertyValueSpecification\",\"valueRequired\":true,\"valueName\":\"search_term_string\"}}],\"inLanguage\":\"es\"},{\"@type\":\"Organization\",\"@id\":\"https:\/\/resest.com\/es\/#organization\",\"name\":\"Resid\u00e8ncia d&#039;Estudiants l&#039;Estaci\u00f3 de Sabadell | Resest\",\"url\":\"https:\/\/resest.com\/es\/\",\"logo\":{\"@type\":\"ImageObject\",\"inLanguage\":\"es\",\"@id\":\"https:\/\/resest.com\/es\/#\/schema\/logo\/image\/\",\"url\":\"https:\/\/resest.com\/wp-content\/uploads\/2024\/03\/Facana-1.jpg\",\"contentUrl\":\"https:\/\/resest.com\/wp-content\/uploads\/2024\/03\/Facana-1.jpg\",\"width\":1200,\"height\":1009,\"caption\":\"Resid\u00e8ncia d&#039;Estudiants l&#039;Estaci\u00f3 de Sabadell | Resest\"},\"image\":{\"@id\":\"https:\/\/resest.com\/es\/#\/schema\/logo\/image\/\"}}]}<\/script>\n<!-- \/ Yoast SEO plugin. -->","yoast_head_json":{"title":"Habitaciones en Sabadell | Residencia para Estudiantes - Resest","description":"Descubre nuestras habitaciones en Sabadell, cerca de la UAB y Barcelona. Confort, servicios y fotos de la residencia. \u00a1Inf\u00f3rmate ahora!","robots":{"index":"index","follow":"follow","max-snippet":"max-snippet:-1","max-image-preview":"max-image-preview:large","max-video-preview":"max-video-preview:-1"},"canonical":"https:\/\/resest.com\/es\/las-habitaciones-de-la-residencia-estudiantil-en-sabadell\/","og_locale":"es_ES","og_type":"article","og_title":"Habitaciones en Sabadell | Residencia para Estudiantes - Resest","og_description":"Descubre nuestras habitaciones en Sabadell, cerca de la UAB y Barcelona. Confort, servicios y fotos de la residencia. \u00a1Inf\u00f3rmate ahora!","og_url":"https:\/\/resest.com\/es\/las-habitaciones-de-la-residencia-estudiantil-en-sabadell\/","og_site_name":"Resid\u00e8ncia d&#039;Estudiants l&#039;Estaci\u00f3 de Sabadell | Resest","article_modified_time":"2025-05-21T11:41:50+00:00","twitter_misc":{"Tiempo de lectura":"4 minutos"},"schema":{"@context":"https:\/\/schema.org","@graph":[{"@type":"WebPage","@id":"https:\/\/resest.com\/es\/las-habitaciones-de-la-residencia-estudiantil-en-sabadell\/","url":"https:\/\/resest.com\/es\/las-habitaciones-de-la-residencia-estudiantil-en-sabadell\/","name":"Habitaciones en Sabadell | Residencia para Estudiantes - Resest","isPartOf":{"@id":"https:\/\/resest.com\/es\/#website"},"datePublished":"2015-01-13T11:32:48+00:00","dateModified":"2025-05-21T11:41:50+00:00","description":"Descubre nuestras habitaciones en Sabadell, cerca de la UAB y Barcelona. Confort, servicios y fotos de la residencia. \u00a1Inf\u00f3rmate ahora!","breadcrumb":{"@id":"https:\/\/resest.com\/es\/las-habitaciones-de-la-residencia-estudiantil-en-sabadell\/#breadcrumb"},"inLanguage":"es","potentialAction":[{"@type":"ReadAction","target":["https:\/\/resest.com\/es\/las-habitaciones-de-la-residencia-estudiantil-en-sabadell\/"]}]},{"@type":"BreadcrumbList","@id":"https:\/\/resest.com\/es\/las-habitaciones-de-la-residencia-estudiantil-en-sabadell\/#breadcrumb","itemListElement":[{"@type":"ListItem","position":1,"name":"Inici","item":"https:\/\/resest.com\/es\/"},{"@type":"ListItem","position":2,"name":"Habitaciones en Sabadell \u2013 Residencia de estudiantes Resest"}]},{"@type":"WebSite","@id":"https:\/\/resest.com\/es\/#website","url":"https:\/\/resest.com\/es\/","name":"Resid\u00e8ncia d&#039;Estudiants l&#039;Estaci\u00f3 de Sabadell | Resest","description":"Otro sitio realizado con WordPress","publisher":{"@id":"https:\/\/resest.com\/es\/#organization"},"potentialAction":[{"@type":"SearchAction","target":{"@type":"EntryPoint","urlTemplate":"https:\/\/resest.com\/es\/?s={search_term_string}"},"query-input":{"@type":"PropertyValueSpecification","valueRequired":true,"valueName":"search_term_string"}}],"inLanguage":"es"},{"@type":"Organization","@id":"https:\/\/resest.com\/es\/#organization","name":"Resid\u00e8ncia d&#039;Estudiants l&#039;Estaci\u00f3 de Sabadell | Resest","url":"https:\/\/resest.com\/es\/","logo":{"@type":"ImageObject","inLanguage":"es","@id":"https:\/\/resest.com\/es\/#\/schema\/logo\/image\/","url":"https:\/\/resest.com\/wp-content\/uploads\/2024\/03\/Facana-1.jpg","contentUrl":"https:\/\/resest.com\/wp-content\/uploads\/2024\/03\/Facana-1.jpg","width":1200,"height":1009,"caption":"Resid\u00e8ncia d&#039;Estudiants l&#039;Estaci\u00f3 de Sabadell | Resest"},"image":{"@id":"https:\/\/resest.com\/es\/#\/schema\/logo\/image\/"}}]}},"_links":{"self":[{"href":"https:\/\/resest.com\/es\/wp-json\/wp\/v2\/pages\/2358","targetHints":{"allow":["GET"]}}],"collection":[{"href":"https:\/\/resest.com\/es\/wp-json\/wp\/v2\/pages"}],"about":[{"href":"https:\/\/resest.com\/es\/wp-json\/wp\/v2\/types\/page"}],"author":[{"embeddable":true,"href":"https:\/\/resest.com\/es\/wp-json\/wp\/v2\/users\/3"}],"replies":[{"embeddable":true,"href":"https:\/\/resest.com\/es\/wp-json\/wp\/v2\/comments?post=2358"}],"version-history":[{"count":0,"href":"https:\/\/resest.com\/es\/wp-json\/wp\/v2\/pages\/2358\/revisions"}],"wp:attachment":[{"href":"https:\/\/resest.com\/es\/wp-json\/wp\/v2\/media?parent=2358"}],"curies":[{"name":"wp","href":"https:\/\/api.w.org\/{rel}","templated":true}]}}