{"id":11570,"date":"2024-06-13T15:21:24","date_gmt":"2024-06-13T13:21:24","guid":{"rendered":"https:\/\/resest.com\/?page_id=11570"},"modified":"2024-06-13T18:29:17","modified_gmt":"2024-06-13T16:29:17","slug":"cookies-policy","status":"publish","type":"page","link":"https:\/\/resest.com\/en\/cookies-policy\/","title":{"rendered":"Cookies policy"},"content":{"rendered":"\n<h1 class=\"wp-block-heading\">Cookies policy<\/h1>\n\n\n\n<p>Este sitio web\u00a0utiliza cookies y\/o tecnolog\u00edas similares que almacenan y recuperan informaci\u00f3n cuando navega. En la presente Pol\u00edtica de Cookies, le explicamos qu\u00e9 son las cookies, para qu\u00e9 sirven, y c\u00f3mo puede configurarlas y\/o desactivarlas si as\u00ed lo desea. Adem\u00e1s, le indicamos qu\u00e9 tipos de cookies utiliza, y con qu\u00e9 finalidad lo hace, la sociedad <strong>GERDREI, S.L. <\/strong>responsable del sitio web a trav\u00e9s del cual ha accedido a la presente Pol\u00edtica de Cookies (el \u201cSitio web\u201d), y que se encuentra debidamente identificada en el Aviso Legal que figura en el mismo.<\/p>\n\n\n\n<p>Le invitamos a leer atentamente esta Pol\u00edtica de Cookies.<\/p>\n\n\n\n<h2 class=\"wp-block-heading\"><strong>\u00bfQu\u00e9 son las cookies y para qu\u00e9 sirven?&nbsp;&nbsp;<\/strong><\/h2>\n\n\n\n<p>Las cookies son dispositivos de almacenamiento y recuperaci\u00f3n de datos que se utilizan en su dispositivo (por ejemplo, tu ordenador, tableta o tel\u00e9fono m\u00f3vil), con la finalidad de almacenar informaci\u00f3n y recuperar la informaci\u00f3n ya almacenada. Las cookies se utilizan para garantizar la calidad, usabilidad y correcto funcionamiento de los sitios web, adem\u00e1s de para almacenar y recuperar informaci\u00f3n sobre los h\u00e1bitos de navegaci\u00f3n en los mismos y personalizar sus contenidos, pudiendo utilizarse en ocasiones para reconocer al usuario de un sitio web.<\/p>\n\n\n\n<p>Por lo tanto, las cookies son esenciales para el funcionamiento de Internet, y en ning\u00fan caso suponen un riesgo para su equipo o su dispositivo. Es m\u00e1s, pueden ayudarnos a reconocer la necesidad de mejoras en partes del Sitio web y a detectar errores de funcionamiento.<\/p>\n\n\n\n<h2 class=\"wp-block-heading\"><strong>\u00bfQu\u00e9 tipos de cookies se utilizan en este Sitio Web, y cu\u00e1l es su finalidad?<\/strong><\/h2>\n\n\n\n<p>A continuaci\u00f3n, le ofrecemos informaci\u00f3n sobre los diferentes tipos de cookies que se utilizan en el Sitio web.<\/p>\n\n\n\n<ul class=\"wp-block-list\">\n<li><strong>Cookies t\u00e9cnicas:<\/strong> son aquellas que le permiten navegar por el Sitio web y le permiten utilizar sus diferentes funcionalidades y servicios, por ejemplo, el inicio de sesi\u00f3n con su identificador, recordar los elementos que integran un pedido, realizar un proceso de compra, gestionar un pago, y controlar el fraude vinculado a la seguridad del servicio. Estas cookies se instalan autom\u00e1ticamente en su dispositivo.<\/li>\n\n\n\n<li><strong>Cookies de preferencias o de personalizaci\u00f3n:<\/strong> son aquellas que permiten recordar informaci\u00f3n para que pueda acceder al Sitio web con caracter\u00edsticas que pueden diferenciar su experiencia de la de otros usuarios, como, por ejemplo, el aspecto o contenido del Sitio Web o su idioma (en caso de contar con esta posibilidad), que podr\u00e1 variar en funci\u00f3n del tipo de navegador que se utiliza.<\/li>\n\n\n\n<li><strong>Cookies de an\u00e1lisis o medici\u00f3n:<\/strong> son aquellas que permiten el seguimiento y an\u00e1lisis de su comportamiento en el Sitio web. Esta informaci\u00f3n permite medir y analizar la actividad del Sitio web, con el objetivo de introducir las mejoras necesarias en Sitio web en funci\u00f3n del an\u00e1lisis de los datos de navegaci\u00f3n recogidos.<\/li>\n\n\n\n<li><strong>Cookies de publicidad comportamental:<\/strong> son aquellas que almacenan informaci\u00f3n del comportamiento de los usuarios obtenida a trav\u00e9s de la observaci\u00f3n continuada de sus h\u00e1bitos de navegaci\u00f3n, lo que permite desarrollar un perfil espec\u00edfico para mostrar publicidad en funci\u00f3n del mismo.<\/li>\n<\/ul>\n\n\n\n<p>Puede conocer el listado de cookies que utiliza el Sitio web que est\u00e1 visitando, y las caracter\u00edsticas de estas cookies, en el apartado 4 de esta Pol\u00edtica: \u201cListado de cookies\u201d.<\/p>\n\n\n\n<h2 class=\"wp-block-heading\"><strong>\u00bfC\u00f3mo puede configurar las cookies en el Sitio web?<\/strong><\/h2>\n\n\n\n<h3 class=\"wp-block-heading\"><strong>Configuraci\u00f3n de cookies a trav\u00e9s del centro de configuraci\u00f3n de cookies<\/strong><\/h3>\n\n\n\n<p>Puede aceptar o rechazar el uso de cookies a trav\u00e9s del centro de configuraci\u00f3n de cookies que ponemos a su disposici\u00f3n, y al que puede acceder tanto a trav\u00e9s del mensaje de informaci\u00f3n b\u00e1sica sobre cookies que aparece al visitar el Sitio web por primera vez, como al solicitarle la actualizaci\u00f3n de tu consentimiento.<\/p>\n\n\n\n<p>Tenga en cuenta que, si acepta las cookies de terceros, deber\u00e1 eliminarlas, si as\u00ed lo desea, directamente a trav\u00e9s de las opciones de gesti\u00f3n de cookies de su navegador.<\/p>\n\n\n\n<h2 class=\"wp-block-heading\"><strong>Listado de cookies&nbsp;<\/strong><\/h2>\n\n\n\n<figure class=\"wp-block-table\"><table><tbody><tr><td><strong>Cookie<\/strong><\/td><td><strong>Dominio<\/strong><\/td><td><strong>Descripci\u00f3n<\/strong><\/td><td><strong>Duraci\u00f3n<\/strong><\/td><td><strong>Tipo<\/strong><\/td><\/tr><tr><td>PHPSESSID<\/td><td><a href=\"http:\/\/resest.com\"><u>resest.com<\/u><\/a><\/td><td>Esta cookie es nativa de las aplicaciones PHP. La cookie almacena e identifica la ID de sesi\u00f3n \u00fanica de un usuario para gestionar las sesiones de usuario en el sitio web. La cookie es una cookie de sesi\u00f3n y se eliminar\u00e1 cuando se cierren todas las ventanas del navegador.<\/td><td>sesi\u00f3n<\/td><td>Necesaria<\/td><\/tr><tr><td>YSC<\/td><td>.<a href=\"http:\/\/youtube.com\"><u>youtube.com<\/u><\/a><\/td><td>YouTube establece esta cookie para hacer un seguimiento de las visualizaciones de los v\u00eddeos incrustados en las p\u00e1ginas de YouTube.<\/td><td>sesi\u00f3n<\/td><td>Publicidad<\/td><\/tr><tr><td>VISITOR_INFO1_LIVE<\/td><td>.<a href=\"http:\/\/youtube.com\"><u>youtube.com<\/u><\/a><\/td><td>YouTube establece esta cookie para medir el ancho de banda, determinando si el usuario obtiene la interfaz del reproductor nueva o antigua.<\/td><td>6 meses<\/td><td>Publicidad<\/td><\/tr><tr><td>VISITOR_PRIVACY_METADATA<\/td><td>.<a href=\"http:\/\/youtube.com\"><u>youtube.com<\/u><\/a><\/td><td>YouTube establece esta cookie para almacenar el estado de consentimiento de las cookies del usuario para el dominio actual.<\/td><td>6 meses<\/td><td>Publicidad<\/td><\/tr><tr><td>_ga<\/td><td>.<a href=\"http:\/\/resest.com\"><u>resest.com<\/u><\/a><\/td><td>Google Analytics establece esta cookie para calcular los datos de visitantes, sesiones y campa\u00f1as y hacer un seguimiento del uso del sitio para el informe de an\u00e1lisis del sitio. La cookie almacena informaci\u00f3n de manera an\u00f3nima y asigna un n\u00famero generado aleatoriamente para reconocer a los visitantes \u00fanicos.<\/td><td>1 a\u00f1o 1 mes 4 d\u00edas<\/td><td>Anal\u00edtica<\/td><\/tr><tr><td>_gid<\/td><td>.<a href=\"http:\/\/resest.com\"><u>resest.com<\/u><\/a><\/td><td>Google Analytics establece esta cookie para almacenar informaci\u00f3n sobre c\u00f3mo los visitantes utilizan un sitio web mientras tambi\u00e9n crea un informe de an\u00e1lisis del rendimiento del sitio web. Algunos de los datos recogidos incluyen el n\u00famero de visitantes, su fuente y las p\u00e1ginas que visitan de manera an\u00f3nima.<\/td><td>1 d\u00eda<\/td><td>Anal\u00edtica<\/td><\/tr><tr><td>_gat_UA-*<\/td><td>.<a href=\"http:\/\/resest.com\"><u>resest.com<\/u><\/a><\/td><td>Google Analytics establece esta cookie para el seguimiento del comportamiento del usuario.<\/td><td>1 minuto<\/td><td>Anal\u00edtica<\/td><\/tr><tr><td>TADCID<\/td><td><a href=\"http:\/\/www.tripadvisor.es\"><u>www.tripadvisor.es<\/u><\/a><\/td><td>Tripadvisor establece esta cookie para almacenar una ID \u00fanica para los usuarios, para ayudarles a ver contenidos incrustados de Tripadvisor.<\/td><td>10 a\u00f1os<\/td><td>Anal\u00edtica<\/td><\/tr><tr><td>TASameSite<\/td><td><a href=\"http:\/\/www.tripadvisor.es\"><u>www.tripadvisor.es<\/u><\/a><\/td><td>Sin descripci\u00f3n<\/td><td>sesi\u00f3n<\/td><td>Otros<\/td><\/tr><tr><td>TAUnique<\/td><td>.<a href=\"http:\/\/tripadvisor.es\"><u>tripadvisor.es<\/u><\/a><\/td><td>TripAdvisor establece esta cookie para hacer un seguimiento de los visitantes a trav\u00e9s de los sitios web.<\/td><td>2 a\u00f1os<\/td><td>Anal\u00edtica<\/td><\/tr><tr><td>__vt<\/td><td><a href=\"http:\/\/www.tripadvisor.es\"><u>www.tripadvisor.es<\/u><\/a><\/td><td>Sin descripci\u00f3n<\/td><td>1 hora<\/td><td>Otros<\/td><\/tr><tr><td>TASession<\/td><td>.<a href=\"http:\/\/tripadvisor.es\"><u>tripadvisor.es<\/u><\/a><\/td><td>TripAdvisor establece esta cookie para hacer un seguimiento de los visitantes a trav\u00e9s de los sitios web.<\/td><td>sesi\u00f3n<\/td><td>Anal\u00edtica<\/td><\/tr><tr><td>ServerPool<\/td><td>.<a href=\"http:\/\/tripadvisor.es\"><u>tripadvisor.es<\/u><\/a><\/td><td>Esta cookie es establecida por el proveedor Tripadvisor. Esta cookie se utiliza para el seguimiento de los usuarios y la visualizaci\u00f3n de contenidos incrustados de TripAdvisor, como el pago de comisiones de referencia, etc.<\/td><td>sesi\u00f3n<\/td><td>Funcional<\/td><\/tr><tr><td>TACds<\/td><td>.<a href=\"http:\/\/tripadvisor.es\"><u>tripadvisor.es<\/u><\/a><\/td><td>Esta cookie es establecida por el proveedor TripAdvisor. Esta cookie se utiliza para mostrar informaci\u00f3n de viajes y anuncios basados en las preferencias del usuario.<\/td><td>2 meses<\/td><td>Publicidad<\/td><\/tr><tr><td>TASSK<\/td><td><a href=\"http:\/\/www.tripadvisor.es\"><u>www.tripadvisor.es<\/u><\/a><\/td><td>Esta cookie es establecida por el proveedor Tripadvisor. Esta cookie se utiliza para mostrar contenidos incrustados al visitante desde Tripadvisor. Tambi\u00e9n ayuda a saber si el visitante ha hecho clic en el anuncio, para cobrar el pago de Tripadvisor.<\/td><td>6 meses<\/td><td>Funcional<\/td><\/tr><tr><td>SRT<\/td><td><a href=\"http:\/\/www.tripadvisor.es\"><u>www.tripadvisor.es<\/u><\/a><\/td><td>Esta cookie es establecida por el proveedor Tripadvisor. Esta es una cookie de sesi\u00f3n de Tripadvisor utilizada con fines publicitarios.<\/td><td>1 hora<\/td><td>Publicidad<\/td><\/tr><tr><td>PMC<\/td><td><a href=\"http:\/\/www.tripadvisor.es\"><u>www.tripadvisor.es<\/u><\/a><\/td><td>Sin descripci\u00f3n<\/td><td>2 a\u00f1os<\/td><td>Otros<\/td><\/tr><tr><td>TART<\/td><td><a href=\"http:\/\/www.tripadvisor.es\"><u>www.tripadvisor.es<\/u><\/a><\/td><td>Esta cookie es establecida por el proveedor Tripadvisor. Esta cookie se utiliza para mostrar contenidos y anuncios de Tripadvisor, lo cual, a su vez, ayuda a ganar dinero de Tripadvisor si el visitante ha hecho clic en los anuncios.<\/td><td>5 d\u00edas<\/td><td>Publicidad<\/td><\/tr><tr><td>TATravelInfo<\/td><td>.<a href=\"http:\/\/tripadvisor.es\"><u>tripadvisor.es<\/u><\/a><\/td><td>Esta cookie es establecida por el proveedor Tripadvisor. Esta cookie se utiliza para mostrar contenidos y anuncios de Tripadvisor, lo cual, a su vez, ayuda a ganar dinero de Tripadvisor si el visitante ha hecho clic en los anuncios.<\/td><td>14 d\u00edas<\/td><td>Funcional<\/td><\/tr><tr><td>TAUD<\/td><td>.<a href=\"http:\/\/tripadvisor.es\"><u>tripadvisor.es<\/u><\/a><\/td><td>Esta cookie es establecida por el proveedor Tripadvisor. Esta es una cookie de sesi\u00f3n de Tripadvisor utilizada con fines publicitarios.<\/td><td>14 d\u00edas<\/td><td>Publicidad<\/td><\/tr><tr><td>TASID<\/td><td><a href=\"http:\/\/www.tripadvisor.es\"><u>www.tripadvisor.es<\/u><\/a><\/td><td>Sin descripci\u00f3n<\/td><td>1 hora<\/td><td>Otros<\/td><\/tr><tr><td>yt-remote-device-id<\/td><td><a href=\"http:\/\/youtube.com\"><u>youtube.com<\/u><\/a><\/td><td>YouTube establece esta cookie para almacenar las preferencias de v\u00eddeo del usuario utilizando v\u00eddeos incrustados de YouTube.<\/td><td>nunca<\/td><td>Funcional<\/td><\/tr><tr><td>ytidb::LAST_RESULT_ENTRY_KEY<\/td><td><a href=\"http:\/\/youtube.com\"><u>youtube.com<\/u><\/a><\/td><td>La cookie ytidb::LAST_RESULT_ENTRY_KEY es utilizada por YouTube para almacenar la \u00faltima entrada de resultado de b\u00fasqueda que el usuario ha hecho clic. Esta informaci\u00f3n se utiliza para mejorar la experiencia del usuario proporcionando resultados de b\u00fasqueda m\u00e1s relevantes en el futuro.<\/td><td>nunca<\/td><td>Funcional<\/td><\/tr><tr><td>yt.innertube::requests<\/td><td><a href=\"http:\/\/youtube.com\"><u>youtube.com<\/u><\/a><\/td><td>YouTube establece esta cookie para registrar una ID \u00fanica para almacenar datos sobre los v\u00eddeos de YouTube que el usuario ha visto.<\/td><td>nunca<\/td><td>Publicidad<\/td><\/tr><tr><td>yt-player-headers-readable<\/td><td><a href=\"http:\/\/youtube.com\"><u>youtube.com<\/u><\/a><\/td><td>La cookie yt-player-headers-readable es utilizada por YouTube para almacenar las preferencias del usuario relacionadas con la reproducci\u00f3n de v\u00eddeos y la interfaz, mejorando la experiencia de visualizaci\u00f3n del usuario.<\/td><td>nunca<\/td><td>Funcional<\/td><\/tr><tr><td>yt-remote-connected-devices<\/td><td><a href=\"http:\/\/youtube.com\"><u>youtube.com<\/u><\/a><\/td><td>YouTube establece esta cookie para almacenar las preferencias de v\u00eddeo del usuario utilizando v\u00eddeos incrustados de YouTube.<\/td><td>nunca<\/td><td>Funcional<\/td><\/tr><tr><td>yt.innertube::nextId<\/td><td><a href=\"http:\/\/youtube.com\"><u>youtube.com<\/u><\/a><\/td><td>YouTube establece esta cookie para registrar una ID \u00fanica para almacenar datos sobre los v\u00eddeos de YouTube que el usuario ha visto.<\/td><td>nunca<\/td><td>Publicidad<\/td><\/tr><tr><td>yt-remote-session-app<\/td><td><a href=\"http:\/\/youtube.com\"><u>youtube.com<\/u><\/a><\/td><td>La cookie yt-remote-session-app es utilizada por YouTube para almacenar las preferencias del usuario y la informaci\u00f3n sobre la interfaz del reproductor de v\u00eddeo incrustado de YouTube.<\/td><td>sesi\u00f3n<\/td><td>Funcional<\/td><\/tr><tr><td>yt-remote-cast-installed<\/td><td><a href=\"http:\/\/youtube.com\"><u>youtube.com<\/u><\/a><\/td><td>La cookie yt-remote-cast-installed es utilizada para almacenar las preferencias del reproductor de v\u00eddeo del usuario utilizando v\u00eddeos incrustados de YouTube.<\/td><td>sesi\u00f3n<\/td><td>Funcional<\/td><\/tr><tr><td>yt-remote-session-name<\/td><td><a href=\"http:\/\/youtube.com\"><u>youtube.com<\/u><\/a><\/td><td>La cookie yt-remote-session-name es utilizada por YouTube para almacenar las preferencias del reproductor de v\u00eddeo del usuario utilizando v\u00eddeos incrustados de YouTube.<\/td><td>sesi\u00f3n<\/td><td>Funcional<\/td><\/tr><tr><td>yt-remote-cast-available<\/td><td><a href=\"http:\/\/youtube.com\"><u>youtube.com<\/u><\/a><\/td><td>La cookie yt-remote-cast-available es utilizada para almacenar las preferencias del usuario respecto a si la funci\u00f3n de transmisi\u00f3n est\u00e1 disponible en su reproductor de v\u00eddeo de YouTube.<\/td><td>sesi\u00f3n<\/td><td>Funcional<\/td><\/tr><tr><td>yt-remote-fast-check-period<\/td><td><a href=\"http:\/\/youtube.com\"><u>youtube.com<\/u><\/a><\/td><td>La cookie yt-remote-fast-check-period es utilizada por YouTube para almacenar las preferencias del reproductor de v\u00eddeo del usuario para v\u00eddeos incrustados de YouTube.<\/td><td>sesi\u00f3n<\/td><td>Funcional<\/td><\/tr><\/tbody><\/table><\/figure>\n\n\n\n<h2 class=\"wp-block-heading\"><strong>Informaci\u00f3n adicional<\/strong><\/h2>\n\n\n\n<p>Puede consultar informaci\u00f3n adicional sobre el tratamiento de su informaci\u00f3n, en particular sobre sus derechos y las modalidades de ejercicio de los mismos, en el Aviso Legal y la Pol\u00edtica de Privacidad que encontrar\u00e1 disponible a trav\u00e9s del enlace que figura al pie de p\u00e1gina del Sitio Web, y que le invitamos a consultar.<\/p>\n","protected":false},"excerpt":{"rendered":"<p>Cookies policy Este sitio web\u00a0utiliza cookies y\/o tecnolog\u00edas similares que almacenan y recuperan informaci\u00f3n cuando navega. En la presente Pol\u00edtica de Cookies, le explicamos qu\u00e9 son las cookies, para qu\u00e9 sirven, y c\u00f3mo puede configurarlas y\/o desactivarlas si as\u00ed lo desea. Adem\u00e1s, le indicamos qu\u00e9 tipos de cookies utiliza, y con qu\u00e9 finalidad lo hace,&hellip;<\/p>\n","protected":false},"author":1,"featured_media":0,"parent":0,"menu_order":0,"comment_status":"closed","ping_status":"closed","template":"","meta":{"footnotes":""},"class_list":["post-11570","page","type-page","status-publish","hentry","entry","no-media"],"yoast_head":"<!-- This site is optimized with the Yoast SEO plugin v26.4 - https:\/\/yoast.com\/wordpress\/plugins\/seo\/ -->\n<title>Cookies policy - Resid\u00e8ncia d&#039;Estudiants l&#039;Estaci\u00f3 de Sabadell | Resest<\/title>\n<meta name=\"robots\" content=\"index, follow, max-snippet:-1, max-image-preview:large, max-video-preview:-1\" \/>\n<link rel=\"canonical\" href=\"https:\/\/resest.com\/en\/cookies-policy\/\" \/>\n<meta property=\"og:locale\" content=\"en_US\" \/>\n<meta property=\"og:type\" content=\"article\" \/>\n<meta property=\"og:title\" content=\"Cookies policy - Resid\u00e8ncia d&#039;Estudiants l&#039;Estaci\u00f3 de Sabadell | Resest\" \/>\n<meta property=\"og:description\" content=\"Cookies policy Este sitio web\u00a0utiliza cookies y\/o tecnolog\u00edas similares que almacenan y recuperan informaci\u00f3n cuando navega. En la presente Pol\u00edtica de Cookies, le explicamos qu\u00e9 son las cookies, para qu\u00e9 sirven, y c\u00f3mo puede configurarlas y\/o desactivarlas si as\u00ed lo desea. Adem\u00e1s, le indicamos qu\u00e9 tipos de cookies utiliza, y con qu\u00e9 finalidad lo hace,&hellip;\" \/>\n<meta property=\"og:url\" content=\"https:\/\/resest.com\/en\/cookies-policy\/\" \/>\n<meta property=\"og:site_name\" content=\"Resid\u00e8ncia d&#039;Estudiants l&#039;Estaci\u00f3 de Sabadell | Resest\" \/>\n<meta property=\"article:modified_time\" content=\"2024-06-13T16:29:17+00:00\" \/>\n<meta name=\"twitter:label1\" content=\"Est. reading time\" \/>\n\t<meta name=\"twitter:data1\" content=\"9 minutes\" \/>\n<script type=\"application\/ld+json\" class=\"yoast-schema-graph\">{\"@context\":\"https:\/\/schema.org\",\"@graph\":[{\"@type\":\"WebPage\",\"@id\":\"https:\/\/resest.com\/en\/cookies-policy\/\",\"url\":\"https:\/\/resest.com\/en\/cookies-policy\/\",\"name\":\"Cookies policy - Resid\u00e8ncia d&#039;Estudiants l&#039;Estaci\u00f3 de Sabadell | Resest\",\"isPartOf\":{\"@id\":\"https:\/\/resest.com\/en\/#website\"},\"datePublished\":\"2024-06-13T13:21:24+00:00\",\"dateModified\":\"2024-06-13T16:29:17+00:00\",\"breadcrumb\":{\"@id\":\"https:\/\/resest.com\/en\/cookies-policy\/#breadcrumb\"},\"inLanguage\":\"en-US\",\"potentialAction\":[{\"@type\":\"ReadAction\",\"target\":[\"https:\/\/resest.com\/en\/cookies-policy\/\"]}]},{\"@type\":\"BreadcrumbList\",\"@id\":\"https:\/\/resest.com\/en\/cookies-policy\/#breadcrumb\",\"itemListElement\":[{\"@type\":\"ListItem\",\"position\":1,\"name\":\"Inici\",\"item\":\"https:\/\/resest.com\/en\/\"},{\"@type\":\"ListItem\",\"position\":2,\"name\":\"Cookies policy\"}]},{\"@type\":\"WebSite\",\"@id\":\"https:\/\/resest.com\/en\/#website\",\"url\":\"https:\/\/resest.com\/en\/\",\"name\":\"Resid\u00e8ncia d&#039;Estudiants l&#039;Estaci\u00f3 de Sabadell | Resest\",\"description\":\"Prop de l\u2019Universitat Aut\u00f2noma de Barcelona (UAB)\",\"publisher\":{\"@id\":\"https:\/\/resest.com\/en\/#organization\"},\"potentialAction\":[{\"@type\":\"SearchAction\",\"target\":{\"@type\":\"EntryPoint\",\"urlTemplate\":\"https:\/\/resest.com\/en\/?s={search_term_string}\"},\"query-input\":{\"@type\":\"PropertyValueSpecification\",\"valueRequired\":true,\"valueName\":\"search_term_string\"}}],\"inLanguage\":\"en-US\"},{\"@type\":\"Organization\",\"@id\":\"https:\/\/resest.com\/en\/#organization\",\"name\":\"Resid\u00e8ncia d&#039;Estudiants l&#039;Estaci\u00f3 de Sabadell | Resest\",\"url\":\"https:\/\/resest.com\/en\/\",\"logo\":{\"@type\":\"ImageObject\",\"inLanguage\":\"en-US\",\"@id\":\"https:\/\/resest.com\/en\/#\/schema\/logo\/image\/\",\"url\":\"https:\/\/resest.com\/wp-content\/uploads\/2024\/03\/Facana-1.jpg\",\"contentUrl\":\"https:\/\/resest.com\/wp-content\/uploads\/2024\/03\/Facana-1.jpg\",\"width\":1200,\"height\":1009,\"caption\":\"Resid\u00e8ncia d&#039;Estudiants l&#039;Estaci\u00f3 de Sabadell | Resest\"},\"image\":{\"@id\":\"https:\/\/resest.com\/en\/#\/schema\/logo\/image\/\"}}]}<\/script>\n<!-- \/ Yoast SEO plugin. -->","yoast_head_json":{"title":"Cookies policy - Resid\u00e8ncia d&#039;Estudiants l&#039;Estaci\u00f3 de Sabadell | Resest","robots":{"index":"index","follow":"follow","max-snippet":"max-snippet:-1","max-image-preview":"max-image-preview:large","max-video-preview":"max-video-preview:-1"},"canonical":"https:\/\/resest.com\/en\/cookies-policy\/","og_locale":"en_US","og_type":"article","og_title":"Cookies policy - Resid\u00e8ncia d&#039;Estudiants l&#039;Estaci\u00f3 de Sabadell | Resest","og_description":"Cookies policy Este sitio web\u00a0utiliza cookies y\/o tecnolog\u00edas similares que almacenan y recuperan informaci\u00f3n cuando navega. En la presente Pol\u00edtica de Cookies, le explicamos qu\u00e9 son las cookies, para qu\u00e9 sirven, y c\u00f3mo puede configurarlas y\/o desactivarlas si as\u00ed lo desea. Adem\u00e1s, le indicamos qu\u00e9 tipos de cookies utiliza, y con qu\u00e9 finalidad lo hace,&hellip;","og_url":"https:\/\/resest.com\/en\/cookies-policy\/","og_site_name":"Resid\u00e8ncia d&#039;Estudiants l&#039;Estaci\u00f3 de Sabadell | Resest","article_modified_time":"2024-06-13T16:29:17+00:00","twitter_misc":{"Est. reading time":"9 minutes"},"schema":{"@context":"https:\/\/schema.org","@graph":[{"@type":"WebPage","@id":"https:\/\/resest.com\/en\/cookies-policy\/","url":"https:\/\/resest.com\/en\/cookies-policy\/","name":"Cookies policy - Resid\u00e8ncia d&#039;Estudiants l&#039;Estaci\u00f3 de Sabadell | Resest","isPartOf":{"@id":"https:\/\/resest.com\/en\/#website"},"datePublished":"2024-06-13T13:21:24+00:00","dateModified":"2024-06-13T16:29:17+00:00","breadcrumb":{"@id":"https:\/\/resest.com\/en\/cookies-policy\/#breadcrumb"},"inLanguage":"en-US","potentialAction":[{"@type":"ReadAction","target":["https:\/\/resest.com\/en\/cookies-policy\/"]}]},{"@type":"BreadcrumbList","@id":"https:\/\/resest.com\/en\/cookies-policy\/#breadcrumb","itemListElement":[{"@type":"ListItem","position":1,"name":"Inici","item":"https:\/\/resest.com\/en\/"},{"@type":"ListItem","position":2,"name":"Cookies policy"}]},{"@type":"WebSite","@id":"https:\/\/resest.com\/en\/#website","url":"https:\/\/resest.com\/en\/","name":"Resid\u00e8ncia d&#039;Estudiants l&#039;Estaci\u00f3 de Sabadell | Resest","description":"Prop de l\u2019Universitat Aut\u00f2noma de Barcelona (UAB)","publisher":{"@id":"https:\/\/resest.com\/en\/#organization"},"potentialAction":[{"@type":"SearchAction","target":{"@type":"EntryPoint","urlTemplate":"https:\/\/resest.com\/en\/?s={search_term_string}"},"query-input":{"@type":"PropertyValueSpecification","valueRequired":true,"valueName":"search_term_string"}}],"inLanguage":"en-US"},{"@type":"Organization","@id":"https:\/\/resest.com\/en\/#organization","name":"Resid\u00e8ncia d&#039;Estudiants l&#039;Estaci\u00f3 de Sabadell | Resest","url":"https:\/\/resest.com\/en\/","logo":{"@type":"ImageObject","inLanguage":"en-US","@id":"https:\/\/resest.com\/en\/#\/schema\/logo\/image\/","url":"https:\/\/resest.com\/wp-content\/uploads\/2024\/03\/Facana-1.jpg","contentUrl":"https:\/\/resest.com\/wp-content\/uploads\/2024\/03\/Facana-1.jpg","width":1200,"height":1009,"caption":"Resid\u00e8ncia d&#039;Estudiants l&#039;Estaci\u00f3 de Sabadell | Resest"},"image":{"@id":"https:\/\/resest.com\/en\/#\/schema\/logo\/image\/"}}]}},"_links":{"self":[{"href":"https:\/\/resest.com\/en\/wp-json\/wp\/v2\/pages\/11570","targetHints":{"allow":["GET"]}}],"collection":[{"href":"https:\/\/resest.com\/en\/wp-json\/wp\/v2\/pages"}],"about":[{"href":"https:\/\/resest.com\/en\/wp-json\/wp\/v2\/types\/page"}],"author":[{"embeddable":true,"href":"https:\/\/resest.com\/en\/wp-json\/wp\/v2\/users\/1"}],"replies":[{"embeddable":true,"href":"https:\/\/resest.com\/en\/wp-json\/wp\/v2\/comments?post=11570"}],"version-history":[{"count":0,"href":"https:\/\/resest.com\/en\/wp-json\/wp\/v2\/pages\/11570\/revisions"}],"wp:attachment":[{"href":"https:\/\/resest.com\/en\/wp-json\/wp\/v2\/media?parent=11570"}],"curies":[{"name":"wp","href":"https:\/\/api.w.org\/{rel}","templated":true}]}}