{"id":36,"date":"2015-01-13T12:33:35","date_gmt":"2015-01-13T11:33:35","guid":{"rendered":"http:\/\/resest.com\/?page_id=36"},"modified":"2025-05-21T14:44:43","modified_gmt":"2025-05-21T12:44:43","slug":"serveis-residencia-estudiantil-barcelona-bellaterra","status":"publish","type":"page","link":"https:\/\/resest.com\/ca\/serveis-residencia-estudiantil-barcelona-bellaterra\/","title":{"rendered":"Serveis de la Resid\u00e8ncia d&#8217;Estudiants"},"content":{"rendered":"<div class=\"wpb-content-wrapper\">[vc_row][vc_column]<style>.vcex-heading.vcex_69f0a94fceab7{font-size:36px;text-transform:uppercase;}<\/style><h1 class=\"vcex-heading vcex-heading-plain vcex-module wpex-heading wpex-text-2xl wpex-mb-25 vcex_69f0a94fceab7\"><span class=\"vcex-heading-inner wpex-inline-block\">Serveis de la Resid\u00e8ncia d&#8217;Estudiants<\/span><\/h1>[vc_column_text css=&#8221;&#8221;]A la nostra <strong>resid\u00e8ncia d&#8217;estudiants a Sabadell<\/strong>, oferim una \u00e0mplia gamma de serveis per garantir una estada c\u00f2moda i adaptada a les teves necessitats. La tarifa inclou l&#8217;acc\u00e9s a totes les <strong>instal\u00b7lacions comunes<\/strong> com la <strong>terrassa-sol\u00e0rium, menjador, sala d&#8217;estar i sala d&#8217;estudi<\/strong>, aix\u00ed com als elements de cada habitaci\u00f3 (<strong>televisi\u00f3, nevera, caixa de seguretat<\/strong>). A m\u00e9s, comptem amb <strong>neteja setmanal d&#8217;habitacions<\/strong> i <strong>connexi\u00f3 a internet a tota la resid\u00e8ncia<\/strong>.<\/p>\n<h2><b><span data-contrast=\"none\">Cuina i opcions de menjar<\/span><\/b><\/h2>\n<p>Els nostres residents poden <strong>utilitzar lliurement la cuina<\/strong>, equipada amb parament i espai d&#8217;emmagatzematge per a aliments personals. Tamb\u00e9 oferim diferents opcions de <strong>pensi\u00f3 aliment\u00e0ria<\/strong>:<\/p>\n<ul>\n<li><strong>Mitja pensi\u00f3 (inclosa en el preu)<\/strong>: esmorzar i sopar.<\/li>\n<li><strong>Pensi\u00f3 completa<\/strong>: esmorzar, dinar i sopar.<\/li>\n<li><strong>Menjar per emportar<\/strong>: si al migdia no pots menjar a la resid\u00e8ncia, et preparem un tupper per emportar.<\/li>\n<\/ul>\n[\/vc_column_text][\/vc_column][\/vc_row][vc_row][vc_column width=&#8221;2\/3&#8243;]<div class=\"vcex-image-gallery-slider-css-wrap vc_custom_1722422942177\"><div class=\"wpex-slider-preloaderimg \"><img width=\"1200\" height=\"800\" src=\"https:\/\/resest.com\/wp-content\/uploads\/2024\/07\/ResiEstudiants-23.jpg\" class=\"skip-lazy\" alt=\"\" data-no-lazy=\"1\" srcset=\"https:\/\/resest.com\/wp-content\/uploads\/2024\/07\/ResiEstudiants-23.jpg 1200w, https:\/\/resest.com\/wp-content\/uploads\/2024\/07\/ResiEstudiants-23-300x200.jpg 300w, https:\/\/resest.com\/wp-content\/uploads\/2024\/07\/ResiEstudiants-23-1024x683.jpg 1024w, https:\/\/resest.com\/wp-content\/uploads\/2024\/07\/ResiEstudiants-23-768x512.jpg 768w\" sizes=\"(max-width: 1200px) 100vw, 1200px\" \/><\/div><div class=\"vcex-module wpex-slider slider-pro no-margin-thumbnails vcex-image-gallery-slider\" data-thumbnails=\"true\" data-thumbnail-height=\"auto\" data-auto-play-delay=\"5000\" data-animation-speed=\"600\" data-height-animation-duration=\"500\"><div class=\"wpex-slider-slides sp-slides\"><div class=\"wpex-slider-slide sp-slide\"><div class=\"wpex-slider-media\"><img width=\"1200\" height=\"800\" src=\"https:\/\/resest.com\/wp-content\/uploads\/2024\/07\/ResiEstudiants-23.jpg\" class=\"skip-lazy\" alt=\"\" data-no-lazy=\"1\" srcset=\"https:\/\/resest.com\/wp-content\/uploads\/2024\/07\/ResiEstudiants-23.jpg 1200w, https:\/\/resest.com\/wp-content\/uploads\/2024\/07\/ResiEstudiants-23-300x200.jpg 300w, https:\/\/resest.com\/wp-content\/uploads\/2024\/07\/ResiEstudiants-23-1024x683.jpg 1024w, https:\/\/resest.com\/wp-content\/uploads\/2024\/07\/ResiEstudiants-23-768x512.jpg 768w\" sizes=\"(max-width: 1200px) 100vw, 1200px\" \/><\/div><\/div><div class=\"wpex-slider-slide sp-slide\"><div class=\"wpex-slider-media\"><img width=\"1200\" height=\"800\" src=\"https:\/\/resest.com\/wp-content\/uploads\/2024\/07\/ResiEstudiants-22.jpg\" class=\"skip-lazy\" alt=\"\" data-no-lazy=\"1\" srcset=\"https:\/\/resest.com\/wp-content\/uploads\/2024\/07\/ResiEstudiants-22.jpg 1200w, https:\/\/resest.com\/wp-content\/uploads\/2024\/07\/ResiEstudiants-22-300x200.jpg 300w, https:\/\/resest.com\/wp-content\/uploads\/2024\/07\/ResiEstudiants-22-1024x683.jpg 1024w, https:\/\/resest.com\/wp-content\/uploads\/2024\/07\/ResiEstudiants-22-768x512.jpg 768w\" sizes=\"(max-width: 1200px) 100vw, 1200px\" \/><\/div><\/div><div class=\"wpex-slider-slide sp-slide\"><div class=\"wpex-slider-media\"><img width=\"1200\" height=\"800\" src=\"https:\/\/resest.com\/wp-content\/uploads\/2024\/07\/ResiEstudiants-19.jpg\" class=\"skip-lazy\" alt=\"\" data-no-lazy=\"1\" srcset=\"https:\/\/resest.com\/wp-content\/uploads\/2024\/07\/ResiEstudiants-19.jpg 1200w, https:\/\/resest.com\/wp-content\/uploads\/2024\/07\/ResiEstudiants-19-300x200.jpg 300w, https:\/\/resest.com\/wp-content\/uploads\/2024\/07\/ResiEstudiants-19-1024x683.jpg 1024w, https:\/\/resest.com\/wp-content\/uploads\/2024\/07\/ResiEstudiants-19-768x512.jpg 768w\" sizes=\"(max-width: 1200px) 100vw, 1200px\" \/><\/div><\/div><div class=\"wpex-slider-slide sp-slide\"><div class=\"wpex-slider-media\"><img width=\"1200\" height=\"800\" src=\"https:\/\/resest.com\/wp-content\/uploads\/2024\/07\/ResiEstudiants-27.jpg\" class=\"skip-lazy\" alt=\"\" data-no-lazy=\"1\" srcset=\"https:\/\/resest.com\/wp-content\/uploads\/2024\/07\/ResiEstudiants-27.jpg 1200w, https:\/\/resest.com\/wp-content\/uploads\/2024\/07\/ResiEstudiants-27-300x200.jpg 300w, https:\/\/resest.com\/wp-content\/uploads\/2024\/07\/ResiEstudiants-27-1024x683.jpg 1024w, https:\/\/resest.com\/wp-content\/uploads\/2024\/07\/ResiEstudiants-27-768x512.jpg 768w\" sizes=\"(max-width: 1200px) 100vw, 1200px\" \/><\/div><\/div><div class=\"wpex-slider-slide sp-slide\"><div class=\"wpex-slider-media\"><img width=\"1029\" height=\"1200\" src=\"https:\/\/resest.com\/wp-content\/uploads\/2024\/04\/Vending.jpg\" class=\"skip-lazy\" alt=\"\" data-no-lazy=\"1\" srcset=\"https:\/\/resest.com\/wp-content\/uploads\/2024\/04\/Vending.jpg 1029w, https:\/\/resest.com\/wp-content\/uploads\/2024\/04\/Vending-257x300.jpg 257w, https:\/\/resest.com\/wp-content\/uploads\/2024\/04\/Vending-878x1024.jpg 878w, https:\/\/resest.com\/wp-content\/uploads\/2024\/04\/Vending-768x896.jpg 768w\" sizes=\"(max-width: 1029px) 100vw, 1029px\" \/><\/div><\/div><\/div><div class=\"wpex-slider-thumbnails sp-nc-thumbnails wpex-grid wpex-grid-cols-5\"><img data-no-lazy=\"1\" class=\"wpex-slider-thumbnail wpex-block wpex-w-100 sp-nc-thumbnail skip-lazy\" src=\"https:\/\/resest.com\/wp-content\/uploads\/2024\/07\/ResiEstudiants-23-100x100.jpg\" alt=\"\" srcset=\"https:\/\/resest.com\/wp-content\/uploads\/2024\/07\/ResiEstudiants-23-100x100.jpg 100w, https:\/\/resest.com\/wp-content\/uploads\/2024\/07\/ResiEstudiants-23-150x150.jpg 150w\" width=\"100\" height=\"100\"><img data-no-lazy=\"1\" class=\"wpex-slider-thumbnail wpex-block wpex-w-100 sp-nc-thumbnail skip-lazy\" src=\"https:\/\/resest.com\/wp-content\/uploads\/2024\/07\/ResiEstudiants-22-100x100.jpg\" alt=\"\" srcset=\"https:\/\/resest.com\/wp-content\/uploads\/2024\/07\/ResiEstudiants-22-100x100.jpg 100w, https:\/\/resest.com\/wp-content\/uploads\/2024\/07\/ResiEstudiants-22-150x150.jpg 150w\" width=\"100\" height=\"100\"><img data-no-lazy=\"1\" class=\"wpex-slider-thumbnail wpex-block wpex-w-100 sp-nc-thumbnail skip-lazy\" src=\"https:\/\/resest.com\/wp-content\/uploads\/2024\/07\/ResiEstudiants-19-100x100.jpg\" alt=\"\" srcset=\"https:\/\/resest.com\/wp-content\/uploads\/2024\/07\/ResiEstudiants-19-100x100.jpg 100w, https:\/\/resest.com\/wp-content\/uploads\/2024\/07\/ResiEstudiants-19-150x150.jpg 150w\" width=\"100\" height=\"100\"><img data-no-lazy=\"1\" class=\"wpex-slider-thumbnail wpex-block wpex-w-100 sp-nc-thumbnail skip-lazy\" src=\"https:\/\/resest.com\/wp-content\/uploads\/2024\/07\/ResiEstudiants-27-100x100.jpg\" alt=\"\" srcset=\"https:\/\/resest.com\/wp-content\/uploads\/2024\/07\/ResiEstudiants-27-100x100.jpg 100w, https:\/\/resest.com\/wp-content\/uploads\/2024\/07\/ResiEstudiants-27-150x150.jpg 150w\" width=\"100\" height=\"100\"><img data-no-lazy=\"1\" class=\"wpex-slider-thumbnail wpex-block wpex-w-100 sp-nc-thumbnail skip-lazy\" src=\"https:\/\/resest.com\/wp-content\/uploads\/2024\/04\/Vending-100x100.jpg\" alt=\"\" srcset=\"https:\/\/resest.com\/wp-content\/uploads\/2024\/04\/Vending-100x100.jpg 100w, https:\/\/resest.com\/wp-content\/uploads\/2024\/04\/Vending-150x150.jpg 150w\" width=\"100\" height=\"100\"><\/div><\/div><\/div>[\/vc_column][vc_column width=&#8221;1\/3&#8243;][vc_column_text css=&#8221;&#8221; el_class=&#8221;normal-text&#8221;]\n<h2><strong>Serveis inclosos en la tarifa<\/strong><\/h2>\n<ul>\n<li><strong>\u00das d&#8217;habitacions i equipament<\/strong> (nevera, caixa de seguretat, TV).<\/li>\n<li><strong>Neteja setmanal de l&#8217; habitaci\u00f3<\/strong> i <strong>neteja di\u00e0ria de zones comunes<\/strong>.<\/li>\n<li><strong>\u00das de totes les instal\u00b7lacions comunes<\/strong> (terrassa, sal\u00f3 amb TV, sala d&#8217;estudi).<\/li>\n<li><strong>Cuina equipada i espai per emmagatzemar parament i aliments personals<\/strong>.<\/li>\n<li><strong>Acc\u00e9s a internet a tota la resid\u00e8ncia<\/strong>.<\/li>\n<li><strong>Tel\u00e8fon gratu\u00eft per a trucades a fixos nacionals<\/strong>.<\/li>\n<li><strong>Consum d&#8217; aigua i electricitat incl\u00f2s<\/strong>.<\/li>\n<\/ul>\n[\/vc_column_text][vc_column_text css=&#8221;&#8221; el_class=&#8221;normal-text&#8221;]\n<h2><strong>Serveis opcionals<\/strong><\/h2>\n<p>Per als qui busquen <strong>comoditats addicionals<\/strong>, oferim:<\/p>\n<ul>\n<li><strong>Bugaderia d&#8217;autoservei<\/strong> (rentadora i assecadora amb monedes).<\/li>\n<li><strong>M\u00e0quines expenedores de begudes, snacks i caf\u00e8<\/strong>.<\/li>\n<li><strong>Packs de roba de llit i tovalloles<\/strong>.<\/li>\n<li><strong>Subministrament i canvi setmanal de llen\u00e7ols i tovalloles<\/strong>.<\/li>\n<\/ul>\n[\/vc_column_text][\/vc_column][\/vc_row][vc_row][vc_column][vc_column_text css=&#8221;&#8221;]Si busques una <strong>resid\u00e8ncia d&#8217;estudiants a Sabadell<\/strong> amb tots els serveis que necessites, <strong>contacta amb nosaltres per a m\u00e9s informaci\u00f3 sobre preus i disponibilitat<\/strong>.[\/vc_column_text][\/vc_column][\/vc_row][vc_row][vc_column][vc_raw_html]JTNDc2NyaXB0JTIwdHlwZSUzRCUyMmFwcGxpY2F0aW9uJTJGbGQlMkJqc29uJTIyJTNFJTBBJTdCJTBBJTIwJTIwJTIyJTQwY29udGV4dCUyMiUzQSUyMCUyMmh0dHBzJTNBJTJGJTJGc2NoZW1hLm9yZyUyMiUyQyUwQSUyMCUyMCUyMiU0MHR5cGUlMjIlM0ElMjAlMjJGQVFQYWdlJTIyJTJDJTBBJTIwJTIwJTIybWFpbkVudGl0eSUyMiUzQSUyMCU1QiU3QiUwQSUyMCUyMCUyMCUyMCUyMiU0MHR5cGUlMjIlM0ElMjAlMjJRdWVzdGlvbiUyMiUyQyUwQSUyMCUyMCUyMCUyMCUyMm5hbWUlMjIlM0ElMjAlMjJRdWlucyUyMHNlcnZlaXMlMjBvZmVyZWl4JTIwbGElMjBSZXNpZCVDMyVBOG5jaWElMjBSRVNFU1QlM0YlMjIlMkMlMEElMjAlMjAlMjAlMjAlMjJhY2NlcHRlZEFuc3dlciUyMiUzQSUyMCU3QiUwQSUyMCUyMCUyMCUyMCUyMCUyMCUyMiU0MHR5cGUlMjIlM0ElMjAlMjJBbnN3ZXIlMjIlMkMlMEElMjAlMjAlMjAlMjAlMjAlMjAlMjJ0ZXh0JTIyJTNBJTIwJTIyJTIwJUMzJTlBcyUyMGRlJTIwdG90cyUyMGVscyUyMGVsZW1lbnRzJTIwaSUyMGluc3RhbCVDMiVCN2xhY2lvbnMlMjBkZSUyMGwlRTIlODAlOTloYWJpdGFjaSVDMyVCMyUyQyUyMG5ldmVyYSUyMGklMjBjYWl4YSUyMGRlJTIwc2VndXJldGF0LiUyME5ldGVqYSUyMHNldG1hbmFsJTIwZGUlMjBsJUUyJTgwJTk5aGFiaXRhY2klQzMlQjMuJTIwJUMzJTlBcyUyMGRlJTIwbGElMjBjdWluYSUyMGFtYiUyMGxlcyUyMHNldmVzJTIwaW5zdGFsJUMyJUI3bGFjaSVDMyVCM25zJTIwaSUyMHV0aWxsYXRnZS4lMjBFc3BhaSUyMHBlciUyMGFsaW1lbnRzJTIwaSUyMHV0ZW5zaWxpcyUyMHBhcnRpY3VsYXJzJTIwYSUyMGxhJTIwY3VpbmEuJTIwJUMzJTlBcyUyMGRlJTIwdG90ZXMlMjBsZXMlMjBpbnN0YWwlQzIlQjdsYWNpb25zJTIwZGUlMjBsZXMlMjB6b25lcyUyMGNvbXVuZXMlM0ElMjB0ZXJyYXNzYS1zb2wlQzMlQTByaXVtJTJDJTIwc2FsYSUyMGQlRTIlODAlOTllc3RhciUyMGFtYiUyMFRWJTJDJTIwem9uYSUyMGQlRTIlODAlOTlpbmZvcm0lQzMlQTB0aWNhJTIwaSUyMGVzdHVkaS4lMjBOZXRlamElMjBkaSVDMyVBMHJpYSUyMGRlJTIwbGVzJTIwem9uZXMlMjBjb211bmVzLiUyMENvbnN1bXMlMjBkJUUyJTgwJTk5YWlndWElMjBpJTIwZWxlY3RyaWNpdGF0JTIwaW5jbG9zb3MuJTIwQWNjJUMzJUE5cyUyMGElMjBpbnRlcm5ldCUyMGElMjB0b3RhJTIwbGElMjByZXNpZCVDMyVBOG5jaWEuJTIwVGVsJUMzJUE4Zm9uJTIwZ3JhdHUlQzMlQUZ0JTIwJTI4dHJ1Y2FkZXMlMjBhJTIwZml4JTIwbmFjaW9uYWwlMjklMkMlMjBtYXJjYW50JTIwdW4lMjBjb2RpJTIwcGVyc29uYWwuJTNDYSUyMGhyZWYlM0QlMjdodHRwcyUzQSUyRiUyRnJlc2VzdC5jb20lMkZjYSUyRnNlcnZlaXMtcmVzaWRlbmNpYS1lc3R1ZGlhbnRpbC1iYXJjZWxvbmEtYmVsbGF0ZXJyYSUyRiUyNyUzRUNsaWMlMjBhcXUlQzMlQUQlM0MlMkZhJTNFJTIwcGFyYSUyMG0lQzMlQTFzJTIwaW5mb3JtYWNpJUMzJUIzbi4lM0MlMkZwJTNFJTIyJTBBJTIwJTIwJTIwJTIwJTdEJTBBJTIwJTIwJTdEJTJDJTIwJTdCJTBBJTIwJTIwJTIwJTIwJTIyJTQwdHlwZSUyMiUzQSUyMCUyMlF1ZXN0aW9uJTIyJTJDJTBBJTIwJTIwJTIwJTIwJTIybmFtZSUyMiUzQSUyMCUyMkhpJTIwaGElMjBhbHRyZXMlMjBzZXJ2ZWlzJTIwZXh0cmVzJTNGJTIyJTJDJTBBJTIwJTIwJTIwJTIwJTIyYWNjZXB0ZWRBbnN3ZXIlMjIlM0ElMjAlN0IlMEElMjAlMjAlMjAlMjAlMjAlMjAlMjIlNDB0eXBlJTIyJTNBJTIwJTIyQW5zd2VyJTIyJTJDJTBBJTIwJTIwJTIwJTIwJTIwJTIwJTIydGV4dCUyMiUzQSUyMCUyMlMlQzMlQUQuJTIwQnVnYWRlcmlhJTIwYW1iJTIwbW9uZWRlcyUyMCUyOHJlbnRhZG9yYSUyMGklMjBhc3NlY2Fkb3JhJTI5LiUyME0lQzMlQTBxdWluZXMlMjBkZSUyMGJlZ3VkZXMlMkMlMjBzbmFja3MlMjBpJTIwY2FmJUMzJUE4cyUyMGFtYiUyMG1vbmVkZXMuJTIwUGFja3MlMjBkZSUyMGpvY3MlMjBkZSUyMGxsaXQlMjBpJTIwZGUlMjB0b3ZhbGxvbGVzLiUyMFN1Ym1pbmlzdHJhbWVudCUyMGklMjBjYW52aSUyMHNldG1hbmFsJTIwZGUlMjBsbGVuJUMzJUE3b2xzJTIwaSUyMHRvdmFsbG9sZXMlM0NhJTIwaHJlZiUzRCUyN2h0dHBzJTNBJTJGJTJGcmVzZXN0LmNvbSUyRmNhJTJGc2VydmVpcy1yZXNpZGVuY2lhLWVzdHVkaWFudGlsLWJhcmNlbG9uYS1iZWxsYXRlcnJhJTJGJTI3JTNFQ2xpYyUyMGFxdSVDMyVBRCUzQyUyRmElM0UlMjBwYXJhJTIwbSVDMyVBMXMlMjBpbmZvcm1hY2klQzMlQjNuLiUzQyUyRnAlM0UlMjIlMEElMjAlMjAlMjAlMjAlN0QlMEElMjAlMjAlN0QlNUQlMEElMjAlMjAlN0QlMEElM0MlMkZzY3JpcHQlM0U=[\/vc_raw_html][\/vc_column][\/vc_row]\n<\/div>","protected":false},"excerpt":{"rendered":"<p>[vc_row][vc_column][vc_column_text css=&#8221;&#8221;]A la nostra resid\u00e8ncia d&#8217;estudiants a Sabadell, oferim una \u00e0mplia gamma de serveis per garantir una estada c\u00f2moda i adaptada a les teves necessitats. La tarifa inclou l&#8217;acc\u00e9s a totes les instal\u00b7lacions comunes com la terrassa-sol\u00e0rium, menjador, sala d&#8217;estar i sala d&#8217;estudi, aix\u00ed com als elements de cada habitaci\u00f3 (televisi\u00f3, nevera, caixa de seguretat).&hellip;<\/p>\n","protected":false},"author":3,"featured_media":0,"parent":0,"menu_order":0,"comment_status":"closed","ping_status":"closed","template":"","meta":{"footnotes":""},"class_list":["post-36","page","type-page","status-publish","hentry","entry","no-media"],"yoast_head":"<!-- This site is optimized with the Yoast SEO plugin v26.4 - https:\/\/yoast.com\/wordpress\/plugins\/seo\/ -->\n<title>Sabadell Resid\u00e8ncia Estudiants | Serveis i Comoditats | Resest<\/title>\n<meta name=\"description\" content=\"Descobreix els serveis de Resest, la resid\u00e8ncia d&#039;estudiants a Sabadell, a prop de la UAB. Confort, estudi i benestar. Informa&#039;t ara!\" \/>\n<meta name=\"robots\" content=\"index, follow, max-snippet:-1, max-image-preview:large, max-video-preview:-1\" \/>\n<link rel=\"canonical\" href=\"https:\/\/resest.com\/ca\/serveis-residencia-estudiantil-barcelona-bellaterra\/\" \/>\n<meta property=\"og:locale\" content=\"ca_ES\" \/>\n<meta property=\"og:type\" content=\"article\" \/>\n<meta property=\"og:title\" content=\"Sabadell Resid\u00e8ncia Estudiants | Serveis i Comoditats | Resest\" \/>\n<meta property=\"og:description\" content=\"Descobreix els serveis de Resest, la resid\u00e8ncia d&#039;estudiants a Sabadell, a prop de la UAB. Confort, estudi i benestar. Informa&#039;t ara!\" \/>\n<meta property=\"og:url\" content=\"https:\/\/resest.com\/ca\/serveis-residencia-estudiantil-barcelona-bellaterra\/\" \/>\n<meta property=\"og:site_name\" content=\"Resid\u00e8ncia d&#039;Estudiants l&#039;Estaci\u00f3 de Sabadell | Resest\" \/>\n<meta property=\"article:modified_time\" content=\"2025-05-21T12:44:43+00:00\" \/>\n<meta name=\"twitter:label1\" content=\"Est. reading time\" \/>\n\t<meta name=\"twitter:data1\" content=\"2 minutes\" \/>\n<script type=\"application\/ld+json\" class=\"yoast-schema-graph\">{\"@context\":\"https:\/\/schema.org\",\"@graph\":[{\"@type\":\"WebPage\",\"@id\":\"https:\/\/resest.com\/ca\/serveis-residencia-estudiantil-barcelona-bellaterra\/\",\"url\":\"https:\/\/resest.com\/ca\/serveis-residencia-estudiantil-barcelona-bellaterra\/\",\"name\":\"Sabadell Resid\u00e8ncia Estudiants | Serveis i Comoditats | Resest\",\"isPartOf\":{\"@id\":\"https:\/\/resest.com\/ca\/#website\"},\"datePublished\":\"2015-01-13T11:33:35+00:00\",\"dateModified\":\"2025-05-21T12:44:43+00:00\",\"description\":\"Descobreix els serveis de Resest, la resid\u00e8ncia d'estudiants a Sabadell, a prop de la UAB. Confort, estudi i benestar. Informa't ara!\",\"breadcrumb\":{\"@id\":\"https:\/\/resest.com\/ca\/serveis-residencia-estudiantil-barcelona-bellaterra\/#breadcrumb\"},\"inLanguage\":\"ca-ES\",\"potentialAction\":[{\"@type\":\"ReadAction\",\"target\":[\"https:\/\/resest.com\/ca\/serveis-residencia-estudiantil-barcelona-bellaterra\/\"]}]},{\"@type\":\"BreadcrumbList\",\"@id\":\"https:\/\/resest.com\/ca\/serveis-residencia-estudiantil-barcelona-bellaterra\/#breadcrumb\",\"itemListElement\":[{\"@type\":\"ListItem\",\"position\":1,\"name\":\"Inici\",\"item\":\"https:\/\/resest.com\/ca\/\"},{\"@type\":\"ListItem\",\"position\":2,\"name\":\"Serveis de la Resid\u00e8ncia Estudiantil\"}]},{\"@type\":\"WebSite\",\"@id\":\"https:\/\/resest.com\/ca\/#website\",\"url\":\"https:\/\/resest.com\/ca\/\",\"name\":\"Resid\u00e8ncia d&#039;Estudiants l&#039;Estaci\u00f3 de Sabadell | Resest\",\"description\":\"Prop de l\u2019Universitat Aut\u00f2noma de Barcelona (UAB)\",\"publisher\":{\"@id\":\"https:\/\/resest.com\/ca\/#organization\"},\"potentialAction\":[{\"@type\":\"SearchAction\",\"target\":{\"@type\":\"EntryPoint\",\"urlTemplate\":\"https:\/\/resest.com\/ca\/?s={search_term_string}\"},\"query-input\":{\"@type\":\"PropertyValueSpecification\",\"valueRequired\":true,\"valueName\":\"search_term_string\"}}],\"inLanguage\":\"ca-ES\"},{\"@type\":\"Organization\",\"@id\":\"https:\/\/resest.com\/ca\/#organization\",\"name\":\"Resid\u00e8ncia d&#039;Estudiants l&#039;Estaci\u00f3 de Sabadell | Resest\",\"url\":\"https:\/\/resest.com\/ca\/\",\"logo\":{\"@type\":\"ImageObject\",\"inLanguage\":\"ca-ES\",\"@id\":\"https:\/\/resest.com\/ca\/#\/schema\/logo\/image\/\",\"url\":\"https:\/\/resest.com\/wp-content\/uploads\/2024\/03\/Facana-1.jpg\",\"contentUrl\":\"https:\/\/resest.com\/wp-content\/uploads\/2024\/03\/Facana-1.jpg\",\"width\":1200,\"height\":1009,\"caption\":\"Resid\u00e8ncia d&#039;Estudiants l&#039;Estaci\u00f3 de Sabadell | Resest\"},\"image\":{\"@id\":\"https:\/\/resest.com\/ca\/#\/schema\/logo\/image\/\"}}]}<\/script>\n<!-- \/ Yoast SEO plugin. -->","yoast_head_json":{"title":"Sabadell Resid\u00e8ncia Estudiants | Serveis i Comoditats | Resest","description":"Descobreix els serveis de Resest, la resid\u00e8ncia d'estudiants a Sabadell, a prop de la UAB. Confort, estudi i benestar. Informa't ara!","robots":{"index":"index","follow":"follow","max-snippet":"max-snippet:-1","max-image-preview":"max-image-preview:large","max-video-preview":"max-video-preview:-1"},"canonical":"https:\/\/resest.com\/ca\/serveis-residencia-estudiantil-barcelona-bellaterra\/","og_locale":"ca_ES","og_type":"article","og_title":"Sabadell Resid\u00e8ncia Estudiants | Serveis i Comoditats | Resest","og_description":"Descobreix els serveis de Resest, la resid\u00e8ncia d'estudiants a Sabadell, a prop de la UAB. Confort, estudi i benestar. Informa't ara!","og_url":"https:\/\/resest.com\/ca\/serveis-residencia-estudiantil-barcelona-bellaterra\/","og_site_name":"Resid\u00e8ncia d&#039;Estudiants l&#039;Estaci\u00f3 de Sabadell | Resest","article_modified_time":"2025-05-21T12:44:43+00:00","twitter_misc":{"Est. reading time":"2 minutes"},"schema":{"@context":"https:\/\/schema.org","@graph":[{"@type":"WebPage","@id":"https:\/\/resest.com\/ca\/serveis-residencia-estudiantil-barcelona-bellaterra\/","url":"https:\/\/resest.com\/ca\/serveis-residencia-estudiantil-barcelona-bellaterra\/","name":"Sabadell Resid\u00e8ncia Estudiants | Serveis i Comoditats | Resest","isPartOf":{"@id":"https:\/\/resest.com\/ca\/#website"},"datePublished":"2015-01-13T11:33:35+00:00","dateModified":"2025-05-21T12:44:43+00:00","description":"Descobreix els serveis de Resest, la resid\u00e8ncia d'estudiants a Sabadell, a prop de la UAB. Confort, estudi i benestar. Informa't ara!","breadcrumb":{"@id":"https:\/\/resest.com\/ca\/serveis-residencia-estudiantil-barcelona-bellaterra\/#breadcrumb"},"inLanguage":"ca-ES","potentialAction":[{"@type":"ReadAction","target":["https:\/\/resest.com\/ca\/serveis-residencia-estudiantil-barcelona-bellaterra\/"]}]},{"@type":"BreadcrumbList","@id":"https:\/\/resest.com\/ca\/serveis-residencia-estudiantil-barcelona-bellaterra\/#breadcrumb","itemListElement":[{"@type":"ListItem","position":1,"name":"Inici","item":"https:\/\/resest.com\/ca\/"},{"@type":"ListItem","position":2,"name":"Serveis de la Resid\u00e8ncia Estudiantil"}]},{"@type":"WebSite","@id":"https:\/\/resest.com\/ca\/#website","url":"https:\/\/resest.com\/ca\/","name":"Resid\u00e8ncia d&#039;Estudiants l&#039;Estaci\u00f3 de Sabadell | Resest","description":"Prop de l\u2019Universitat Aut\u00f2noma de Barcelona (UAB)","publisher":{"@id":"https:\/\/resest.com\/ca\/#organization"},"potentialAction":[{"@type":"SearchAction","target":{"@type":"EntryPoint","urlTemplate":"https:\/\/resest.com\/ca\/?s={search_term_string}"},"query-input":{"@type":"PropertyValueSpecification","valueRequired":true,"valueName":"search_term_string"}}],"inLanguage":"ca-ES"},{"@type":"Organization","@id":"https:\/\/resest.com\/ca\/#organization","name":"Resid\u00e8ncia d&#039;Estudiants l&#039;Estaci\u00f3 de Sabadell | Resest","url":"https:\/\/resest.com\/ca\/","logo":{"@type":"ImageObject","inLanguage":"ca-ES","@id":"https:\/\/resest.com\/ca\/#\/schema\/logo\/image\/","url":"https:\/\/resest.com\/wp-content\/uploads\/2024\/03\/Facana-1.jpg","contentUrl":"https:\/\/resest.com\/wp-content\/uploads\/2024\/03\/Facana-1.jpg","width":1200,"height":1009,"caption":"Resid\u00e8ncia d&#039;Estudiants l&#039;Estaci\u00f3 de Sabadell | Resest"},"image":{"@id":"https:\/\/resest.com\/ca\/#\/schema\/logo\/image\/"}}]}},"_links":{"self":[{"href":"https:\/\/resest.com\/ca\/wp-json\/wp\/v2\/pages\/36","targetHints":{"allow":["GET"]}}],"collection":[{"href":"https:\/\/resest.com\/ca\/wp-json\/wp\/v2\/pages"}],"about":[{"href":"https:\/\/resest.com\/ca\/wp-json\/wp\/v2\/types\/page"}],"author":[{"embeddable":true,"href":"https:\/\/resest.com\/ca\/wp-json\/wp\/v2\/users\/3"}],"replies":[{"embeddable":true,"href":"https:\/\/resest.com\/ca\/wp-json\/wp\/v2\/comments?post=36"}],"version-history":[{"count":0,"href":"https:\/\/resest.com\/ca\/wp-json\/wp\/v2\/pages\/36\/revisions"}],"wp:attachment":[{"href":"https:\/\/resest.com\/ca\/wp-json\/wp\/v2\/media?parent=36"}],"curies":[{"name":"wp","href":"https:\/\/api.w.org\/{rel}","templated":true}]}}