{"id":33,"date":"2015-01-13T12:33:17","date_gmt":"2015-01-13T11:33:17","guid":{"rendered":"http:\/\/resest.com\/?page_id=33"},"modified":"2025-05-21T14:36:22","modified_gmt":"2025-05-21T12:36:22","slug":"installacions-residencia-estudiants-barcelona","status":"publish","type":"page","link":"https:\/\/resest.com\/ca\/installacions-residencia-estudiants-barcelona\/","title":{"rendered":"Resid\u00e8ncia d&#8217;Estudiants prop de Bellaterra \u2013 Resest"},"content":{"rendered":"<div class=\"wpb-content-wrapper\">[vc_row][vc_column]<style>.vcex-heading.vcex_69f0a96fd1d31{font-size:36px;text-transform:uppercase;}<\/style><h1 class=\"vcex-heading vcex-heading-plain vcex-module wpex-heading wpex-text-2xl wpex-mb-25 vcex_69f0a96fd1d31\"><span class=\"vcex-heading-inner wpex-inline-block\">Resid\u00e8ncia d&#8217;Estudiants prop de Bellaterra \u2013 Resest<\/span><\/h1>[vc_column_text css=&#8221;&#8221;]<strong>Reses<\/strong> \u00e9s una <strong>resid\u00e8ncia d&#8217;estudiants a prop de Bellaterra<\/strong>, ideal per als qui estudien a la <strong>Universitat Aut\u00f2noma de Barcelona (UAB)<\/strong>. Gr\u00e0cies a la seva ubicaci\u00f3 estrat\u00e8gica i modernes instal\u00b7lacions, oferim un entorn segur, c\u00f2mode i adaptat a les necessitats de la vida universit\u00e0ria.<\/p>\n<h2 style=\"text-align: justify;\"><strong>Tecnologia i seguretat per a una estada confortable\u00a0<\/strong><\/h2>\n<p>La nostra resid\u00e8ncia est\u00e0 equipada amb <strong>un avan\u00e7at sistema de dom\u00f2tica<\/strong> que facilita el dia a dia dels nostres residents. Aquest sistema permet:<\/p>\n<ul>\n<li><strong>Control d&#8217; accessos amb targeta electr\u00f2nica i lector biom\u00e8tric<\/strong>, garantint la seguretat a l&#8217; entrada.<\/li>\n<li><strong>Il\u00b7luminaci\u00f3 automatitzada<\/strong> en zones comunes, que s&#8217;adapta a la llum natural i al pas dels residents.<\/li>\n<li><strong>Climatitzaci\u00f3 regulable en cada estada<\/strong>, per a major confort en totes les estacions de l&#8217; any.<\/li>\n<\/ul>\n<p>A m\u00e9s, prioritzem la seguretat amb <strong>c\u00e0meres de vigil\u00e0ncia en accessos i zones comunes<\/strong>, oferint tranquil\u00b7litat als nostres residents.[\/vc_column_text][\/vc_column][\/vc_row][vc_row][vc_column width=&#8221;2\/3&#8243;]<div class=\"vcex-image-gallery-slider-css-wrap vc_custom_1722423194400\"><div class=\"wpex-slider-preloaderimg \"><img width=\"1200\" height=\"800\" src=\"https:\/\/resest.com\/wp-content\/uploads\/2024\/07\/ResiEstudiants-10.jpg\" class=\"skip-lazy\" alt=\"\" data-no-lazy=\"1\" srcset=\"https:\/\/resest.com\/wp-content\/uploads\/2024\/07\/ResiEstudiants-10.jpg 1200w, https:\/\/resest.com\/wp-content\/uploads\/2024\/07\/ResiEstudiants-10-300x200.jpg 300w, https:\/\/resest.com\/wp-content\/uploads\/2024\/07\/ResiEstudiants-10-1024x683.jpg 1024w, https:\/\/resest.com\/wp-content\/uploads\/2024\/07\/ResiEstudiants-10-768x512.jpg 768w\" sizes=\"(max-width: 1200px) 100vw, 1200px\" \/><\/div><div class=\"vcex-module wpex-slider slider-pro no-margin-thumbnails vcex-image-gallery-slider\" data-thumbnails=\"true\" data-thumbnail-height=\"auto\" data-auto-play-delay=\"5000\" data-animation-speed=\"600\" data-height-animation-duration=\"500\"><div class=\"wpex-slider-slides sp-slides\"><div class=\"wpex-slider-slide sp-slide\"><div class=\"wpex-slider-media\"><img width=\"1200\" height=\"800\" src=\"https:\/\/resest.com\/wp-content\/uploads\/2024\/07\/ResiEstudiants-10.jpg\" class=\"skip-lazy\" alt=\"\" data-no-lazy=\"1\" srcset=\"https:\/\/resest.com\/wp-content\/uploads\/2024\/07\/ResiEstudiants-10.jpg 1200w, https:\/\/resest.com\/wp-content\/uploads\/2024\/07\/ResiEstudiants-10-300x200.jpg 300w, https:\/\/resest.com\/wp-content\/uploads\/2024\/07\/ResiEstudiants-10-1024x683.jpg 1024w, https:\/\/resest.com\/wp-content\/uploads\/2024\/07\/ResiEstudiants-10-768x512.jpg 768w\" sizes=\"(max-width: 1200px) 100vw, 1200px\" \/><\/div><\/div><div class=\"wpex-slider-slide sp-slide\"><div class=\"wpex-slider-media\"><img width=\"1200\" height=\"798\" src=\"https:\/\/resest.com\/wp-content\/uploads\/2024\/07\/ResiEstudiants-11.jpg\" class=\"skip-lazy\" alt=\"\" data-no-lazy=\"1\" srcset=\"https:\/\/resest.com\/wp-content\/uploads\/2024\/07\/ResiEstudiants-11.jpg 1200w, https:\/\/resest.com\/wp-content\/uploads\/2024\/07\/ResiEstudiants-11-300x200.jpg 300w, https:\/\/resest.com\/wp-content\/uploads\/2024\/07\/ResiEstudiants-11-1024x681.jpg 1024w, https:\/\/resest.com\/wp-content\/uploads\/2024\/07\/ResiEstudiants-11-768x511.jpg 768w\" sizes=\"(max-width: 1200px) 100vw, 1200px\" \/><\/div><\/div><div class=\"wpex-slider-slide sp-slide\"><div class=\"wpex-slider-media\"><img width=\"1200\" height=\"800\" src=\"https:\/\/resest.com\/wp-content\/uploads\/2024\/07\/ResiEstudiants-9.jpg\" class=\"skip-lazy\" alt=\"\" data-no-lazy=\"1\" srcset=\"https:\/\/resest.com\/wp-content\/uploads\/2024\/07\/ResiEstudiants-9.jpg 1200w, https:\/\/resest.com\/wp-content\/uploads\/2024\/07\/ResiEstudiants-9-300x200.jpg 300w, https:\/\/resest.com\/wp-content\/uploads\/2024\/07\/ResiEstudiants-9-1024x683.jpg 1024w, https:\/\/resest.com\/wp-content\/uploads\/2024\/07\/ResiEstudiants-9-768x512.jpg 768w\" sizes=\"(max-width: 1200px) 100vw, 1200px\" \/><\/div><\/div><div class=\"wpex-slider-slide sp-slide\"><div class=\"wpex-slider-media\"><img width=\"1200\" height=\"800\" src=\"https:\/\/resest.com\/wp-content\/uploads\/2024\/07\/ResiEstudiants-13.jpg\" class=\"skip-lazy\" alt=\"\" data-no-lazy=\"1\" srcset=\"https:\/\/resest.com\/wp-content\/uploads\/2024\/07\/ResiEstudiants-13.jpg 1200w, https:\/\/resest.com\/wp-content\/uploads\/2024\/07\/ResiEstudiants-13-300x200.jpg 300w, https:\/\/resest.com\/wp-content\/uploads\/2024\/07\/ResiEstudiants-13-1024x683.jpg 1024w, https:\/\/resest.com\/wp-content\/uploads\/2024\/07\/ResiEstudiants-13-768x512.jpg 768w\" sizes=\"(max-width: 1200px) 100vw, 1200px\" \/><\/div><\/div><div class=\"wpex-slider-slide sp-slide\"><div class=\"wpex-slider-media\"><img width=\"1200\" height=\"800\" src=\"https:\/\/resest.com\/wp-content\/uploads\/2024\/07\/ResiEstudiants-22.jpg\" class=\"skip-lazy\" alt=\"\" data-no-lazy=\"1\" srcset=\"https:\/\/resest.com\/wp-content\/uploads\/2024\/07\/ResiEstudiants-22.jpg 1200w, https:\/\/resest.com\/wp-content\/uploads\/2024\/07\/ResiEstudiants-22-300x200.jpg 300w, https:\/\/resest.com\/wp-content\/uploads\/2024\/07\/ResiEstudiants-22-1024x683.jpg 1024w, https:\/\/resest.com\/wp-content\/uploads\/2024\/07\/ResiEstudiants-22-768x512.jpg 768w\" sizes=\"(max-width: 1200px) 100vw, 1200px\" \/><\/div><\/div><div class=\"wpex-slider-slide sp-slide\"><div class=\"wpex-slider-media\"><img width=\"1200\" height=\"800\" src=\"https:\/\/resest.com\/wp-content\/uploads\/2024\/07\/ResiEstudiants-19.jpg\" class=\"skip-lazy\" alt=\"\" data-no-lazy=\"1\" srcset=\"https:\/\/resest.com\/wp-content\/uploads\/2024\/07\/ResiEstudiants-19.jpg 1200w, https:\/\/resest.com\/wp-content\/uploads\/2024\/07\/ResiEstudiants-19-300x200.jpg 300w, https:\/\/resest.com\/wp-content\/uploads\/2024\/07\/ResiEstudiants-19-1024x683.jpg 1024w, https:\/\/resest.com\/wp-content\/uploads\/2024\/07\/ResiEstudiants-19-768x512.jpg 768w\" sizes=\"(max-width: 1200px) 100vw, 1200px\" \/><\/div><\/div><div class=\"wpex-slider-slide sp-slide\"><div class=\"wpex-slider-media\"><img width=\"1200\" height=\"800\" src=\"https:\/\/resest.com\/wp-content\/uploads\/2024\/07\/ResiEstudiants-20.jpg\" class=\"skip-lazy\" alt=\"\" data-no-lazy=\"1\" srcset=\"https:\/\/resest.com\/wp-content\/uploads\/2024\/07\/ResiEstudiants-20.jpg 1200w, https:\/\/resest.com\/wp-content\/uploads\/2024\/07\/ResiEstudiants-20-300x200.jpg 300w, https:\/\/resest.com\/wp-content\/uploads\/2024\/07\/ResiEstudiants-20-1024x683.jpg 1024w, https:\/\/resest.com\/wp-content\/uploads\/2024\/07\/ResiEstudiants-20-768x512.jpg 768w\" sizes=\"(max-width: 1200px) 100vw, 1200px\" \/><\/div><\/div><div class=\"wpex-slider-slide sp-slide\"><div class=\"wpex-slider-media\"><img width=\"1200\" height=\"802\" src=\"https:\/\/resest.com\/wp-content\/uploads\/2024\/07\/ResiEstudiants-14.jpg\" class=\"skip-lazy\" alt=\"\" data-no-lazy=\"1\" srcset=\"https:\/\/resest.com\/wp-content\/uploads\/2024\/07\/ResiEstudiants-14.jpg 1200w, https:\/\/resest.com\/wp-content\/uploads\/2024\/07\/ResiEstudiants-14-300x201.jpg 300w, https:\/\/resest.com\/wp-content\/uploads\/2024\/07\/ResiEstudiants-14-1024x684.jpg 1024w, https:\/\/resest.com\/wp-content\/uploads\/2024\/07\/ResiEstudiants-14-768x513.jpg 768w\" sizes=\"(max-width: 1200px) 100vw, 1200px\" \/><\/div><\/div><div class=\"wpex-slider-slide sp-slide\"><div class=\"wpex-slider-media\"><img width=\"1200\" height=\"800\" src=\"https:\/\/resest.com\/wp-content\/uploads\/2024\/07\/ResiEstudiantsd_Extres-1.jpg\" class=\"skip-lazy\" alt=\"\" data-no-lazy=\"1\" srcset=\"https:\/\/resest.com\/wp-content\/uploads\/2024\/07\/ResiEstudiantsd_Extres-1.jpg 1200w, https:\/\/resest.com\/wp-content\/uploads\/2024\/07\/ResiEstudiantsd_Extres-1-300x200.jpg 300w, https:\/\/resest.com\/wp-content\/uploads\/2024\/07\/ResiEstudiantsd_Extres-1-1024x683.jpg 1024w, https:\/\/resest.com\/wp-content\/uploads\/2024\/07\/ResiEstudiantsd_Extres-1-768x512.jpg 768w\" sizes=\"(max-width: 1200px) 100vw, 1200px\" \/><\/div><\/div><div class=\"wpex-slider-slide sp-slide\"><div class=\"wpex-slider-media\"><img width=\"1200\" height=\"800\" src=\"https:\/\/resest.com\/wp-content\/uploads\/2024\/07\/ResiEstudiants-30.jpg\" class=\"skip-lazy\" alt=\"\" data-no-lazy=\"1\" srcset=\"https:\/\/resest.com\/wp-content\/uploads\/2024\/07\/ResiEstudiants-30.jpg 1200w, https:\/\/resest.com\/wp-content\/uploads\/2024\/07\/ResiEstudiants-30-300x200.jpg 300w, https:\/\/resest.com\/wp-content\/uploads\/2024\/07\/ResiEstudiants-30-1024x683.jpg 1024w, https:\/\/resest.com\/wp-content\/uploads\/2024\/07\/ResiEstudiants-30-768x512.jpg 768w\" sizes=\"(max-width: 1200px) 100vw, 1200px\" \/><\/div><\/div><\/div><div class=\"wpex-slider-thumbnails sp-nc-thumbnails wpex-grid wpex-grid-cols-5\"><img data-no-lazy=\"1\" class=\"wpex-slider-thumbnail wpex-block wpex-w-100 sp-nc-thumbnail skip-lazy\" src=\"https:\/\/resest.com\/wp-content\/uploads\/2024\/07\/ResiEstudiants-10-100x100.jpg\" alt=\"\" srcset=\"https:\/\/resest.com\/wp-content\/uploads\/2024\/07\/ResiEstudiants-10-100x100.jpg 100w, https:\/\/resest.com\/wp-content\/uploads\/2024\/07\/ResiEstudiants-10-150x150.jpg 150w\" width=\"100\" height=\"100\"><img data-no-lazy=\"1\" class=\"wpex-slider-thumbnail wpex-block wpex-w-100 sp-nc-thumbnail skip-lazy\" src=\"https:\/\/resest.com\/wp-content\/uploads\/2024\/07\/ResiEstudiants-11-100x100.jpg\" alt=\"\" srcset=\"https:\/\/resest.com\/wp-content\/uploads\/2024\/07\/ResiEstudiants-11-100x100.jpg 100w, https:\/\/resest.com\/wp-content\/uploads\/2024\/07\/ResiEstudiants-11-150x150.jpg 150w\" width=\"100\" height=\"100\"><img data-no-lazy=\"1\" class=\"wpex-slider-thumbnail wpex-block wpex-w-100 sp-nc-thumbnail skip-lazy\" src=\"https:\/\/resest.com\/wp-content\/uploads\/2024\/07\/ResiEstudiants-9-100x100.jpg\" alt=\"\" srcset=\"https:\/\/resest.com\/wp-content\/uploads\/2024\/07\/ResiEstudiants-9-100x100.jpg 100w, https:\/\/resest.com\/wp-content\/uploads\/2024\/07\/ResiEstudiants-9-150x150.jpg 150w\" width=\"100\" height=\"100\"><img data-no-lazy=\"1\" class=\"wpex-slider-thumbnail wpex-block wpex-w-100 sp-nc-thumbnail skip-lazy\" src=\"https:\/\/resest.com\/wp-content\/uploads\/2024\/07\/ResiEstudiants-13-100x100.jpg\" alt=\"\" srcset=\"https:\/\/resest.com\/wp-content\/uploads\/2024\/07\/ResiEstudiants-13-100x100.jpg 100w, https:\/\/resest.com\/wp-content\/uploads\/2024\/07\/ResiEstudiants-13-150x150.jpg 150w\" width=\"100\" height=\"100\"><img data-no-lazy=\"1\" class=\"wpex-slider-thumbnail wpex-block wpex-w-100 sp-nc-thumbnail skip-lazy\" src=\"https:\/\/resest.com\/wp-content\/uploads\/2024\/07\/ResiEstudiants-22-100x100.jpg\" alt=\"\" srcset=\"https:\/\/resest.com\/wp-content\/uploads\/2024\/07\/ResiEstudiants-22-100x100.jpg 100w, https:\/\/resest.com\/wp-content\/uploads\/2024\/07\/ResiEstudiants-22-150x150.jpg 150w\" width=\"100\" height=\"100\"><img data-no-lazy=\"1\" class=\"wpex-slider-thumbnail wpex-block wpex-w-100 sp-nc-thumbnail skip-lazy\" src=\"https:\/\/resest.com\/wp-content\/uploads\/2024\/07\/ResiEstudiants-19-100x100.jpg\" alt=\"\" srcset=\"https:\/\/resest.com\/wp-content\/uploads\/2024\/07\/ResiEstudiants-19-100x100.jpg 100w, https:\/\/resest.com\/wp-content\/uploads\/2024\/07\/ResiEstudiants-19-150x150.jpg 150w\" width=\"100\" height=\"100\"><img data-no-lazy=\"1\" class=\"wpex-slider-thumbnail wpex-block wpex-w-100 sp-nc-thumbnail skip-lazy\" src=\"https:\/\/resest.com\/wp-content\/uploads\/2024\/07\/ResiEstudiants-20-100x100.jpg\" alt=\"\" srcset=\"https:\/\/resest.com\/wp-content\/uploads\/2024\/07\/ResiEstudiants-20-100x100.jpg 100w, https:\/\/resest.com\/wp-content\/uploads\/2024\/07\/ResiEstudiants-20-150x150.jpg 150w\" width=\"100\" height=\"100\"><img data-no-lazy=\"1\" class=\"wpex-slider-thumbnail wpex-block wpex-w-100 sp-nc-thumbnail skip-lazy\" src=\"https:\/\/resest.com\/wp-content\/uploads\/2024\/07\/ResiEstudiants-14-100x100.jpg\" alt=\"\" srcset=\"https:\/\/resest.com\/wp-content\/uploads\/2024\/07\/ResiEstudiants-14-100x100.jpg 100w, https:\/\/resest.com\/wp-content\/uploads\/2024\/07\/ResiEstudiants-14-150x150.jpg 150w\" width=\"100\" height=\"100\"><img data-no-lazy=\"1\" class=\"wpex-slider-thumbnail wpex-block wpex-w-100 sp-nc-thumbnail skip-lazy\" src=\"https:\/\/resest.com\/wp-content\/uploads\/2024\/07\/ResiEstudiantsd_Extres-1-100x100.jpg\" alt=\"\" srcset=\"https:\/\/resest.com\/wp-content\/uploads\/2024\/07\/ResiEstudiantsd_Extres-1-100x100.jpg 100w, https:\/\/resest.com\/wp-content\/uploads\/2024\/07\/ResiEstudiantsd_Extres-1-150x150.jpg 150w\" width=\"100\" height=\"100\"><img data-no-lazy=\"1\" class=\"wpex-slider-thumbnail wpex-block wpex-w-100 sp-nc-thumbnail skip-lazy\" src=\"https:\/\/resest.com\/wp-content\/uploads\/2024\/07\/ResiEstudiants-30-100x100.jpg\" alt=\"\" srcset=\"https:\/\/resest.com\/wp-content\/uploads\/2024\/07\/ResiEstudiants-30-100x100.jpg 100w, https:\/\/resest.com\/wp-content\/uploads\/2024\/07\/ResiEstudiants-30-150x150.jpg 150w\" width=\"100\" height=\"100\"><\/div><\/div><\/div>[\/vc_column][vc_column width=&#8221;1\/3&#8243; el_class=&#8221;small-text&#8221;][vc_column_text css=&#8221;&#8221; el_class=&#8221;normal-text&#8221;]\n<h2 style=\"text-align: justify;\"><strong>Instal\u00b7lacions dissenyades per a la vida universit\u00e0ria\u00a0<\/strong><\/h2>\n<ul>\n<li><strong>Cuina d&#8217; \u00fas lliure<\/strong>, amb espais individuals per emmagatzemar aliments i estris.<\/li>\n<li><strong>Menjador comunitari<\/strong>, ideal per compartir moments amb altres estudiants.<\/li>\n<li><strong>Sal\u00f3 amb televisi\u00f3<\/strong> i <strong>sala d&#8217; estudi<\/strong>, per a l&#8217; equilibri perfecte entre lleure i aprenentatge.<\/li>\n<li><strong>WiFi d&#8217;alta velocitat<\/strong> a tota la resid\u00e8ncia i tel\u00e8fon a cada habitaci\u00f3.<\/li>\n<li><strong>Presa de TV a totes les habitacions<\/strong>, permetent personalitzar l&#8217;entreteniment.<\/li>\n<li><strong>Font d&#8217; aigua i m\u00e0quines expenedores<\/strong> de snacks, begudes i caf\u00e8.<\/li>\n<li><strong>Terrassa-sol\u00e0rium amb mobiliari de descans<\/strong>, perfecta per relaxar-se.<\/li>\n<li><strong>Bugaderia completa<\/strong>, amb safareig, rentadora, assecadora, planxa i estenedor.<\/li>\n<\/ul>\n[\/vc_column_text][\/vc_column][\/vc_row][vc_row][vc_column][vc_column_text css=&#8221;&#8221;]\n<h2><strong>Ubicaci\u00f3 estrat\u00e8gica i connexions r\u00e0pides<\/strong><\/h2>\n<p>Estem situats <strong>davant l&#8217;estaci\u00f3 de Ferrocarrils de la Generalitat de Catalunya (FGC)<\/strong>, Can Feu \u2013 Gr\u00e0cia, cosa que permet arribar a la <strong>UAB en nom\u00e9s 5 minuts<\/strong>. A m\u00e9s, oferim f\u00e0cil acc\u00e9s a diversos centres d&#8217;estudi a <strong>Sabadell i rodalies<\/strong>.<\/p>\n<p>Si busques una <strong>resid\u00e8ncia d&#8217;estudiants a prop de Bellaterra<\/strong>, veuen a visitar-nos i descobreix tot el que podem oferir- te. Pots concertar una <strong>visita presencial<\/strong> o realitzar una <strong>visita virtual<\/strong> per con\u00e8ixer les nostres instal\u00b7lacions. <strong>Contacta\u2019ns <\/strong><strong>per a m\u00e9s informaci\u00f3.<\/strong>[\/vc_column_text][\/vc_column][\/vc_row][vc_row][vc_column][vc_raw_html]JTNDc2NyaXB0JTIwdHlwZSUzRCUyMmFwcGxpY2F0aW9uJTJGbGQlMkJqc29uJTIyJTNFJTBBJTdCJTBBJTIwJTIwJTIyJTQwY29udGV4dCUyMiUzQSUyMCUyMmh0dHBzJTNBJTJGJTJGc2NoZW1hLm9yZyUyMiUyQyUwQSUyMCUyMCUyMiU0MHR5cGUlMjIlM0ElMjAlMjJGQVFQYWdlJTIyJTJDJTBBJTIwJTIwJTIybWFpbkVudGl0eSUyMiUzQSUyMCU1QiU3QiUwQSUyMCUyMCUyMCUyMCUyMiU0MHR5cGUlMjIlM0ElMjAlMjJRdWVzdGlvbiUyMiUyQyUwQSUyMCUyMCUyMCUyMCUyMm5hbWUlMjIlM0ElMjAlMjJJbnN0YWwlQzIlQjdsYWNpb25zJTIwUmVzaWQlQzMlQThuY2lhJTIwRXN0dWRpYW50cyUyMFNhYmFkZWxsJTIyJTJDJTBBJTIwJTIwJTIwJTIwJTIyYWNjZXB0ZWRBbnN3ZXIlMjIlM0ElMjAlN0IlMEElMjAlMjAlMjAlMjAlMjAlMjAlMjIlNDB0eXBlJTIyJTNBJTIwJTIyQW5zd2VyJTIyJTJDJTBBJTIwJTIwJTIwJTIwJTIwJTIwJTIydGV4dCUyMiUzQSUyMCUyMkElMjBsYSUyMHJlc2lkJUMzJUE4bmNpYSUyMGQlRTIlODAlOTllc3R1ZGlhbnRzJTIwcHJvcGVyYSUyMGElMjBCZWxsYXRlcmElMkMlMjBpZGVhbCUyMHBlciUyMGElMjBhbHVtbmVzJTIwZGUlMjBsYSUyMFVBQiUyQyUyMGVzdGVtJTIwZXF1aXBhdHMlMjBhbWIlMjBtb2Rlcm5lcyUyMGluc3RhbCVDMiVCN2xhY2lvbnMlMjBkZSUyMGRvbSVDMyVCMnRpY2ElMjBhJTIwdG90JTIwbCVFMiU4MCU5OWVkaWZpY2klMjBwZXIlMjBjb2JyaXIlMjB0b3RlcyUyMGxlcyUyMGZ1bmNpb25zJTIwcnV0aW4lQzMlQTByaWVzJTIwZGUlMjBwb3J0ZXMlMjBkJUUyJTgwJTk5YWNjJUMzJUE5cyUyQyUyMHBlcnNpYW5lcyUyQyUyMGNsaW1hdGl0emFjaSVDMyVCMyUyQyUyMGlsJUMyJUI3bHVtaW5hY2klQzMlQjMlMkMlMjBldGMuJTNDYSUyMGhyZWYlM0QlMjdodHRwcyUzQSUyRiUyRnJlc2VzdC5jb20lMkZjYSUyRmluc3RhbGxhY2lvbnMtcmVzaWRlbmNpYS1lc3R1ZGlhbnRzLWJhcmNlbG9uYSUyRiUyNyUzRUNsaWMlMjBhcXUlQzMlQUQlM0MlMkZhJTNFJTIwcGFyYSUyMG0lQzMlQTFzJTIwaW5mb3JtYWNpJUMzJUIzbi4lM0MlMkZwJTNFJTIyJTBBJTIwJTIwJTIwJTIwJTdEJTBBJTIwJTIwJTdEJTVEJTBBJTIwJTIwJTdEJTBBJTNDJTJGc2NyaXB0JTNF[\/vc_raw_html][\/vc_column][\/vc_row]\n<\/div>","protected":false},"excerpt":{"rendered":"<p>[vc_row][vc_column][vc_column_text css=&#8221;&#8221;]Reses \u00e9s una resid\u00e8ncia d&#8217;estudiants a prop de Bellaterra, ideal per als qui estudien a la Universitat Aut\u00f2noma de Barcelona (UAB). Gr\u00e0cies a la seva ubicaci\u00f3 estrat\u00e8gica i modernes instal\u00b7lacions, oferim un entorn segur, c\u00f2mode i adaptat a les necessitats de la vida universit\u00e0ria. Tecnologia i seguretat per a una estada confortable\u00a0 La nostra&hellip;<\/p>\n","protected":false},"author":3,"featured_media":0,"parent":0,"menu_order":0,"comment_status":"closed","ping_status":"closed","template":"","meta":{"footnotes":""},"class_list":["post-33","page","type-page","status-publish","hentry","entry","no-media"],"yoast_head":"<!-- This site is optimized with the Yoast SEO plugin v26.4 - https:\/\/yoast.com\/wordpress\/plugins\/seo\/ -->\n<title>Resid\u00e8ncia d&#039;Estudiants prop de Bellaterra | Instal\u00b7lacions - Resest<\/title>\n<meta name=\"description\" content=\"Descobreix les modernes instal\u00b7lacions de Resest, la resid\u00e8ncia d&#039;estudiants a prop de Bellaterra (UAB) i Barcelona. Confort i serveis de qualitat.\" \/>\n<meta name=\"robots\" content=\"index, follow, max-snippet:-1, max-image-preview:large, max-video-preview:-1\" \/>\n<link rel=\"canonical\" href=\"https:\/\/resest.com\/ca\/installacions-residencia-estudiants-barcelona\/\" \/>\n<meta property=\"og:locale\" content=\"ca_ES\" \/>\n<meta property=\"og:type\" content=\"article\" \/>\n<meta property=\"og:title\" content=\"Resid\u00e8ncia d&#039;Estudiants prop de Bellaterra | Instal\u00b7lacions - Resest\" \/>\n<meta property=\"og:description\" content=\"Descobreix les modernes instal\u00b7lacions de Resest, la resid\u00e8ncia d&#039;estudiants a prop de Bellaterra (UAB) i Barcelona. Confort i serveis de qualitat.\" \/>\n<meta property=\"og:url\" content=\"https:\/\/resest.com\/ca\/installacions-residencia-estudiants-barcelona\/\" \/>\n<meta property=\"og:site_name\" content=\"Resid\u00e8ncia d&#039;Estudiants l&#039;Estaci\u00f3 de Sabadell | Resest\" \/>\n<meta property=\"article:modified_time\" content=\"2025-05-21T12:36:22+00:00\" \/>\n<meta name=\"twitter:label1\" content=\"Est. reading time\" \/>\n\t<meta name=\"twitter:data1\" content=\"2 minutes\" \/>\n<script type=\"application\/ld+json\" class=\"yoast-schema-graph\">{\"@context\":\"https:\/\/schema.org\",\"@graph\":[{\"@type\":\"WebPage\",\"@id\":\"https:\/\/resest.com\/ca\/installacions-residencia-estudiants-barcelona\/\",\"url\":\"https:\/\/resest.com\/ca\/installacions-residencia-estudiants-barcelona\/\",\"name\":\"Resid\u00e8ncia d'Estudiants prop de Bellaterra | Instal\u00b7lacions - Resest\",\"isPartOf\":{\"@id\":\"https:\/\/resest.com\/ca\/#website\"},\"datePublished\":\"2015-01-13T11:33:17+00:00\",\"dateModified\":\"2025-05-21T12:36:22+00:00\",\"description\":\"Descobreix les modernes instal\u00b7lacions de Resest, la resid\u00e8ncia d'estudiants a prop de Bellaterra (UAB) i Barcelona. Confort i serveis de qualitat.\",\"breadcrumb\":{\"@id\":\"https:\/\/resest.com\/ca\/installacions-residencia-estudiants-barcelona\/#breadcrumb\"},\"inLanguage\":\"ca-ES\",\"potentialAction\":[{\"@type\":\"ReadAction\",\"target\":[\"https:\/\/resest.com\/ca\/installacions-residencia-estudiants-barcelona\/\"]}]},{\"@type\":\"BreadcrumbList\",\"@id\":\"https:\/\/resest.com\/ca\/installacions-residencia-estudiants-barcelona\/#breadcrumb\",\"itemListElement\":[{\"@type\":\"ListItem\",\"position\":1,\"name\":\"Inici\",\"item\":\"https:\/\/resest.com\/ca\/\"},{\"@type\":\"ListItem\",\"position\":2,\"name\":\"Les Instal\u00b7lacions de la resid\u00e8ncia d'estudiants prop de Bellaterra\"}]},{\"@type\":\"WebSite\",\"@id\":\"https:\/\/resest.com\/ca\/#website\",\"url\":\"https:\/\/resest.com\/ca\/\",\"name\":\"Resid\u00e8ncia d&#039;Estudiants l&#039;Estaci\u00f3 de Sabadell | Resest\",\"description\":\"Prop de l\u2019Universitat Aut\u00f2noma de Barcelona (UAB)\",\"publisher\":{\"@id\":\"https:\/\/resest.com\/ca\/#organization\"},\"potentialAction\":[{\"@type\":\"SearchAction\",\"target\":{\"@type\":\"EntryPoint\",\"urlTemplate\":\"https:\/\/resest.com\/ca\/?s={search_term_string}\"},\"query-input\":{\"@type\":\"PropertyValueSpecification\",\"valueRequired\":true,\"valueName\":\"search_term_string\"}}],\"inLanguage\":\"ca-ES\"},{\"@type\":\"Organization\",\"@id\":\"https:\/\/resest.com\/ca\/#organization\",\"name\":\"Resid\u00e8ncia d&#039;Estudiants l&#039;Estaci\u00f3 de Sabadell | Resest\",\"url\":\"https:\/\/resest.com\/ca\/\",\"logo\":{\"@type\":\"ImageObject\",\"inLanguage\":\"ca-ES\",\"@id\":\"https:\/\/resest.com\/ca\/#\/schema\/logo\/image\/\",\"url\":\"https:\/\/resest.com\/wp-content\/uploads\/2024\/03\/Facana-1.jpg\",\"contentUrl\":\"https:\/\/resest.com\/wp-content\/uploads\/2024\/03\/Facana-1.jpg\",\"width\":1200,\"height\":1009,\"caption\":\"Resid\u00e8ncia d&#039;Estudiants l&#039;Estaci\u00f3 de Sabadell | Resest\"},\"image\":{\"@id\":\"https:\/\/resest.com\/ca\/#\/schema\/logo\/image\/\"}}]}<\/script>\n<!-- \/ Yoast SEO plugin. -->","yoast_head_json":{"title":"Resid\u00e8ncia d'Estudiants prop de Bellaterra | Instal\u00b7lacions - Resest","description":"Descobreix les modernes instal\u00b7lacions de Resest, la resid\u00e8ncia d'estudiants a prop de Bellaterra (UAB) i Barcelona. Confort i serveis de qualitat.","robots":{"index":"index","follow":"follow","max-snippet":"max-snippet:-1","max-image-preview":"max-image-preview:large","max-video-preview":"max-video-preview:-1"},"canonical":"https:\/\/resest.com\/ca\/installacions-residencia-estudiants-barcelona\/","og_locale":"ca_ES","og_type":"article","og_title":"Resid\u00e8ncia d'Estudiants prop de Bellaterra | Instal\u00b7lacions - Resest","og_description":"Descobreix les modernes instal\u00b7lacions de Resest, la resid\u00e8ncia d'estudiants a prop de Bellaterra (UAB) i Barcelona. Confort i serveis de qualitat.","og_url":"https:\/\/resest.com\/ca\/installacions-residencia-estudiants-barcelona\/","og_site_name":"Resid\u00e8ncia d&#039;Estudiants l&#039;Estaci\u00f3 de Sabadell | Resest","article_modified_time":"2025-05-21T12:36:22+00:00","twitter_misc":{"Est. reading time":"2 minutes"},"schema":{"@context":"https:\/\/schema.org","@graph":[{"@type":"WebPage","@id":"https:\/\/resest.com\/ca\/installacions-residencia-estudiants-barcelona\/","url":"https:\/\/resest.com\/ca\/installacions-residencia-estudiants-barcelona\/","name":"Resid\u00e8ncia d'Estudiants prop de Bellaterra | Instal\u00b7lacions - Resest","isPartOf":{"@id":"https:\/\/resest.com\/ca\/#website"},"datePublished":"2015-01-13T11:33:17+00:00","dateModified":"2025-05-21T12:36:22+00:00","description":"Descobreix les modernes instal\u00b7lacions de Resest, la resid\u00e8ncia d'estudiants a prop de Bellaterra (UAB) i Barcelona. Confort i serveis de qualitat.","breadcrumb":{"@id":"https:\/\/resest.com\/ca\/installacions-residencia-estudiants-barcelona\/#breadcrumb"},"inLanguage":"ca-ES","potentialAction":[{"@type":"ReadAction","target":["https:\/\/resest.com\/ca\/installacions-residencia-estudiants-barcelona\/"]}]},{"@type":"BreadcrumbList","@id":"https:\/\/resest.com\/ca\/installacions-residencia-estudiants-barcelona\/#breadcrumb","itemListElement":[{"@type":"ListItem","position":1,"name":"Inici","item":"https:\/\/resest.com\/ca\/"},{"@type":"ListItem","position":2,"name":"Les Instal\u00b7lacions de la resid\u00e8ncia d'estudiants prop de Bellaterra"}]},{"@type":"WebSite","@id":"https:\/\/resest.com\/ca\/#website","url":"https:\/\/resest.com\/ca\/","name":"Resid\u00e8ncia d&#039;Estudiants l&#039;Estaci\u00f3 de Sabadell | Resest","description":"Prop de l\u2019Universitat Aut\u00f2noma de Barcelona (UAB)","publisher":{"@id":"https:\/\/resest.com\/ca\/#organization"},"potentialAction":[{"@type":"SearchAction","target":{"@type":"EntryPoint","urlTemplate":"https:\/\/resest.com\/ca\/?s={search_term_string}"},"query-input":{"@type":"PropertyValueSpecification","valueRequired":true,"valueName":"search_term_string"}}],"inLanguage":"ca-ES"},{"@type":"Organization","@id":"https:\/\/resest.com\/ca\/#organization","name":"Resid\u00e8ncia d&#039;Estudiants l&#039;Estaci\u00f3 de Sabadell | Resest","url":"https:\/\/resest.com\/ca\/","logo":{"@type":"ImageObject","inLanguage":"ca-ES","@id":"https:\/\/resest.com\/ca\/#\/schema\/logo\/image\/","url":"https:\/\/resest.com\/wp-content\/uploads\/2024\/03\/Facana-1.jpg","contentUrl":"https:\/\/resest.com\/wp-content\/uploads\/2024\/03\/Facana-1.jpg","width":1200,"height":1009,"caption":"Resid\u00e8ncia d&#039;Estudiants l&#039;Estaci\u00f3 de Sabadell | Resest"},"image":{"@id":"https:\/\/resest.com\/ca\/#\/schema\/logo\/image\/"}}]}},"_links":{"self":[{"href":"https:\/\/resest.com\/ca\/wp-json\/wp\/v2\/pages\/33","targetHints":{"allow":["GET"]}}],"collection":[{"href":"https:\/\/resest.com\/ca\/wp-json\/wp\/v2\/pages"}],"about":[{"href":"https:\/\/resest.com\/ca\/wp-json\/wp\/v2\/types\/page"}],"author":[{"embeddable":true,"href":"https:\/\/resest.com\/ca\/wp-json\/wp\/v2\/users\/3"}],"replies":[{"embeddable":true,"href":"https:\/\/resest.com\/ca\/wp-json\/wp\/v2\/comments?post=33"}],"version-history":[{"count":0,"href":"https:\/\/resest.com\/ca\/wp-json\/wp\/v2\/pages\/33\/revisions"}],"wp:attachment":[{"href":"https:\/\/resest.com\/ca\/wp-json\/wp\/v2\/media?parent=33"}],"curies":[{"name":"wp","href":"https:\/\/api.w.org\/{rel}","templated":true}]}}